{"id":1488,"date":"2019-07-12T16:16:47","date_gmt":"2019-07-12T16:16:47","guid":{"rendered":"https:\/\/democontent.codex-themes.com\/sites-elementor\/logistic-transport\/?page_id=1488"},"modified":"2024-06-05T06:38:50","modified_gmt":"2024-06-05T06:38:50","slug":"quienes-somos","status":"publish","type":"page","link":"http:\/\/biladu.es\/en\/quienes-somos","title":{"rendered":"QUIENES SOMOS"},"content":{"rendered":"<div data-elementor-type=\"wp-page\" data-elementor-id=\"1488\" class=\"elementor elementor-1488\" data-elementor-post-type=\"page\">\n\t\t\t\t\t\t<section class=\"elementor-section elementor-top-section elementor-element elementor-element-528f891b elementor-section-boxed elementor-section-height-default elementor-section-height-default\" data-id=\"528f891b\" data-element_type=\"section\" data-e-type=\"section\" data-settings=\"{&quot;background_background&quot;:&quot;classic&quot;}\">\r\n\t\t\t\t\t\t<div class=\"elementor-container elementor-column-gap-thegem\"><div class=\"elementor-row\">\r\n\t\t\t\t\t<div class=\"elementor-column elementor-col-100 elementor-top-column elementor-element elementor-element-4ecda147\" data-id=\"4ecda147\" data-element_type=\"column\" data-e-type=\"column\">\n\t\t\t<div class=\"elementor-widget-wrap elementor-element-populated\">\n\t\t\t\t\t\t<section class=\"elementor-section elementor-inner-section elementor-element elementor-element-67f4834f elementor-section-boxed elementor-section-height-default elementor-section-height-default\" data-id=\"67f4834f\" data-element_type=\"section\" data-e-type=\"section\">\r\n\t\t\t\t\t\t<div class=\"elementor-container elementor-column-gap-thegem\"><div class=\"elementor-row\">\r\n\t\t\t\t\t<div class=\"elementor-column elementor-col-50 elementor-inner-column elementor-element elementor-element-490ac23c\" data-id=\"490ac23c\" data-element_type=\"column\" data-e-type=\"column\">\n\t\t\t<div class=\"elementor-widget-wrap elementor-element-populated\">\n\t\t\t\t\t\t<div class=\"elementor-element elementor-element-19a36d7 flex-horizontal-align-default flex-horizontal-align-tablet-default flex-horizontal-align-mobile-default flex-vertical-align-default flex-vertical-align-tablet-default flex-vertical-align-mobile-default elementor-widget elementor-widget-image\" data-id=\"19a36d7\" data-element_type=\"widget\" data-e-type=\"widget\" data-widget_type=\"image.default\">\n\t\t\t\t<div class=\"elementor-widget-container\">\n\t\t\t\t\t\t\t\t\t\t\t\t\t\t\t<img width=\"1024\" height=\"242\" src=\"https:\/\/biladu.es\/wp-content\/uploads\/2023\/07\/R000352571_LOGO-BILADU-NUEVO-PNG_1003-1024x242.png\" class=\"attachment-large size-large wp-image-2387\" alt=\"\" srcset=\"https:\/\/biladu.es\/wp-content\/uploads\/2023\/07\/R000352571_LOGO-BILADU-NUEVO-PNG_1003-1024x242.png 1024w, https:\/\/biladu.es\/wp-content\/uploads\/2023\/07\/R000352571_LOGO-BILADU-NUEVO-PNG_1003-300x71.png 300w, https:\/\/biladu.es\/wp-content\/uploads\/2023\/07\/R000352571_LOGO-BILADU-NUEVO-PNG_1003-768x182.png 768w, https:\/\/biladu.es\/wp-content\/uploads\/2023\/07\/R000352571_LOGO-BILADU-NUEVO-PNG_1003.png 1280w\" sizes=\"(max-width: 1024px) 100vw, 1024px\" \/>\t\t\t\t\t\t\t\t\t\t\t\t\t\t\t<\/div>\n\t\t\t\t<\/div>\n\t\t\t\t<div class=\"elementor-element elementor-element-7241d800 flex-horizontal-align-default flex-horizontal-align-tablet-default flex-horizontal-align-mobile-default flex-vertical-align-default flex-vertical-align-tablet-default flex-vertical-align-mobile-default elementor-widget elementor-widget-text-editor\" data-id=\"7241d800\" data-element_type=\"widget\" data-e-type=\"widget\" data-widget_type=\"text-editor.default\">\n\t\t\t\t<div class=\"elementor-widget-container\">\n\t\t\t\t\t\t\t\t\t\t\t\t<div class=\"elementor-text-editor elementor-clearfix\">\r\n\t\t\t\t\t\t<p>La integraci\u00f3n de Espa\u00f1a en la Uni\u00f3n Europea como miembro de pleno derecho<br \/>el 1 de Enero de 1.993 supuso una dr\u00e1stica adaptaci\u00f3n en el sector aduanero<br \/>espa\u00f1ol que conllev\u00f3 un cambio tecnol\u00f3gico y profesional que pocas empresas<br \/>pudieron llevar a cabo.<\/p><p class=\"textoshome11\">Esta realidad ocasion\u00f3 que un grupo de personas con una dilatada experiencia<br \/>de m\u00e1s de 15 a\u00f1os, fundaran en Bilbao lo que hoy es Biladu S.A.<\/p><p class=\"textoshome11\">Desde el primer momento supimos que para avanzar en el nuevo e ilusionante<br \/>proyecto deb\u00edamos saber escuchar, deb\u00edamos intentar involucrarnos en los problemas de nuestros clientes, deb\u00edamos transmitir que nuestro trabajo no acaba con la prestaci\u00f3n del servicio sino que \u00edbamos m\u00e1s all\u00e1, que d\u00e1bamos ese plus que las empresas necesitan. Un plus de confianza, un plus de asesoramiento, un plus de profesionalidad.<\/p>\t\t\t\t\t\t\t<\/div>\r\n\t\t\t\t\t\t\t\t\t\t<\/div>\n\t\t\t\t<\/div>\n\t\t\t\t\t<\/div>\n\t\t<\/div>\n\t\t\t\t<div class=\"elementor-column elementor-col-50 elementor-inner-column elementor-element elementor-element-3608283d\" data-id=\"3608283d\" data-element_type=\"column\" data-e-type=\"column\">\n\t\t\t<div class=\"elementor-widget-wrap elementor-element-populated\">\n\t\t\t\t\t\t<div class=\"elementor-element elementor-element-cb33938 flex-horizontal-align-default flex-horizontal-align-tablet-default flex-horizontal-align-mobile-default flex-vertical-align-default flex-vertical-align-tablet-default flex-vertical-align-mobile-default elementor-widget elementor-widget-thegem-styledimage\" data-id=\"cb33938\" data-element_type=\"widget\" data-e-type=\"widget\" data-settings=\"{&quot;image&quot;:{&quot;url&quot;:&quot;http:\\\/\\\/s966605641.mialojamiento.es\\\/wp-content\\\/uploads\\\/2023\\\/07\\\/blocks-image-04.jpg&quot;,&quot;id&quot;:2469,&quot;size&quot;:&quot;&quot;},&quot;thegem_elementor_preset&quot;:&quot;default&quot;,&quot;image_position&quot;:&quot;left&quot;,&quot;icon_show&quot;:&quot;yes&quot;}\" data-widget_type=\"thegem-styledimage.default\">\n\t\t\t\t<div class=\"elementor-widget-container\">\n\t\t\t\t\t\n<div class=\"styled-image-wrapper\">\n\t\t\t<div class=\"gem-image gem-wrapbox gem-wrapbox-default gem-wrapbox-position-left lazy-loading\">\n\t\t\t<div class=\"gem-wrapbox-inner  lazy-loading-item\"  data-ll-effect=\"move-up\">\n\t\t\t\t\t\t\t\t<a href=\"http:\/\/s966605641.mialojamiento.es\/wp-content\/uploads\/2023\/07\/blocks-image-04.jpg\" class=\"fancybox\">\n\t\t\t\t\t\t\t\t\t\t<img class=\"gem-wrapbox-element img-responsive\"\n\t\t\t\t\t\t src=\"https:\/\/biladu.es\/wp-content\/uploads\/2023\/07\/blocks-image-04.jpg\"\n\t\t\t\t\t\t alt=\"blocks-image-04.jpg (Demo)\">\n\t\t\t\t\t\t\t\t\t\t<i aria-hidden=\"true\" class=\"fas fa-camera\"><\/i>\t\t\t\t<\/a>\n\t\t\t\t\t\t<\/div>\n\t\t<\/div>\n\t\t<\/div>\n\n\n\t\n\t\t\t\t\t\t<\/div>\n\t\t\t\t<\/div>\n\t\t\t\t\t<\/div>\n\t\t<\/div>\n\t\t\t\t\t<\/div><\/div>\r\n\t\t<\/section>\r\n\t\t\t\t<div class=\"elementor-element elementor-element-ee4cd87 flex-horizontal-align-default flex-horizontal-align-tablet-default flex-horizontal-align-mobile-default flex-vertical-align-default flex-vertical-align-tablet-default flex-vertical-align-mobile-default elementor-widget elementor-widget-text-editor\" data-id=\"ee4cd87\" data-element_type=\"widget\" data-e-type=\"widget\" data-widget_type=\"text-editor.default\">\n\t\t\t\t<div class=\"elementor-widget-container\">\n\t\t\t\t\t\t\t\t\t\t\t\t<div class=\"elementor-text-editor elementor-clearfix\">\r\n\t\t\t\t\t\t<p style=\"font-weight: 400;\">Que nuestros clientes supieran que el equipo humano de Biladu S.A. estaba a su disposici\u00f3n, ante posibles inspecciones fiscales, aduaneras o de otra \u00edndole en la que pudi\u00e9ramos ser \u00fatiles. En definitiva, dar significado a la frase \u201cempresa de servicios\u201d.<\/p><p style=\"font-weight: 400;\">Creemos estar en el buen camino, esa seguridad, nos ha llevado a seguir apostando por esta pol\u00edtica m\u00e1s humanizada, abriendo nuevas oficinas, estableciendo contratos de corresponsal\u00edas con socios comerciales a nivel internacional con un \u00fanico objetivo: dar cobertura de servicios globales e<br \/>integrales a nuestros clientes.<\/p><p style=\"font-weight: 400;\">El equipo humano de Biladu S.A. es nuestro gran activo pero en un mundo en constante evoluci\u00f3n las tecnolog\u00edas de la informaci\u00f3n as\u00ed como la calidad en el servicio son consideradas prioritarias para nuestra empresa.<\/p><p style=\"font-weight: 400;\">La obtenci\u00f3n de la ISO-9.001 es un paso m\u00e1s en nuestro concepto de empresa, permiti\u00e9ndonos conocer, analizar y resolver aquellos apartados susceptibles de mejora que influyan en un mejor servicio y calidad a nuestros clientes.<\/p><p style=\"font-weight: 400;\">Por \u00faltimo indicar que las secciones de transitario, aduanas y comercial compuestas por los departamentos, mar\u00edtimo, a\u00e9reo y terrestre, e integradas en un mismo centro de trabajo, nos permite tener una visi\u00f3n global de todos los aspectos relacionados con el comercio exterior.<\/p>\t\t\t\t\t\t\t<\/div>\r\n\t\t\t\t\t\t\t\t\t\t<\/div>\n\t\t\t\t<\/div>\n\t\t\t\t<div class=\"elementor-element elementor-element-15937a60 flex-horizontal-align-default flex-horizontal-align-tablet-default flex-horizontal-align-mobile-default flex-vertical-align-default flex-vertical-align-tablet-default flex-vertical-align-mobile-default elementor-widget elementor-widget-thegem-quoted-text\" data-id=\"15937a60\" data-element_type=\"widget\" data-e-type=\"widget\" data-settings=\"{&quot;thegem_elementor_preset&quot;:&quot;style-4&quot;}\" data-widget_type=\"thegem-quoted-text.default\">\n\t\t\t\t<div class=\"elementor-widget-container\">\n\t\t\t\t\t<div class=\"gem-quote gem-quote-style-4 default-background\">\n\t<blockquote class=\"gem-text-output\"><p class=\"title-h2 styled-subtitle\">SABEMOS QUE NOS QUEDA CAMINO POR RECORRER, PERO TAMBI\u00c9N SABEMOS QUE CADA VEZ<br \/>ES M\u00c1S CORTO.<\/p><\/blockquote>\n<\/div>\n\t\t\t\t<\/div>\n\t\t\t\t<\/div>\n\t\t\t\t\t<\/div>\n\t\t<\/div>\n\t\t\t\t\t<\/div><\/div>\r\n\t\t<\/section>\r\n\t\t\t\t<\/div>","protected":false},"excerpt":{"rendered":"<p>La integraci\u00f3n de Espa\u00f1a en la Uni\u00f3n Europea como miembro de&#8230;<\/p>","protected":false},"author":1,"featured_media":0,"parent":0,"menu_order":0,"comment_status":"closed","ping_status":"closed","template":"","meta":{"footnotes":""},"class_list":["post-1488","page","type-page","status-publish"],"_links":{"self":[{"href":"http:\/\/biladu.es\/en\/wp-json\/wp\/v2\/pages\/1488","targetHints":{"allow":["GET"]}}],"collection":[{"href":"http:\/\/biladu.es\/en\/wp-json\/wp\/v2\/pages"}],"about":[{"href":"http:\/\/biladu.es\/en\/wp-json\/wp\/v2\/types\/page"}],"author":[{"embeddable":true,"href":"http:\/\/biladu.es\/en\/wp-json\/wp\/v2\/users\/1"}],"replies":[{"embeddable":true,"href":"http:\/\/biladu.es\/en\/wp-json\/wp\/v2\/comments?post=1488"}],"version-history":[{"count":19,"href":"http:\/\/biladu.es\/en\/wp-json\/wp\/v2\/pages\/1488\/revisions"}],"predecessor-version":[{"id":4661,"href":"http:\/\/biladu.es\/en\/wp-json\/wp\/v2\/pages\/1488\/revisions\/4661"}],"wp:attachment":[{"href":"http:\/\/biladu.es\/en\/wp-json\/wp\/v2\/media?parent=1488"}],"curies":[{"name":"wp","href":"https:\/\/api.w.org\/{rel}","templated":true}]}}