{"id":3499,"date":"2023-07-12T21:22:58","date_gmt":"2023-07-12T21:22:58","guid":{"rendered":"http:\/\/s966605641.mialojamiento.es\/?page_id=3499"},"modified":"2026-02-06T08:21:45","modified_gmt":"2026-02-06T08:21:45","slug":"incoterms","status":"publish","type":"page","link":"http:\/\/biladu.es\/en\/incoterms","title":{"rendered":"INCOTERMS"},"content":{"rendered":"<div data-elementor-type=\"wp-page\" data-elementor-id=\"3499\" class=\"elementor elementor-3499\" data-elementor-post-type=\"page\">\n\t\t\t\t\t\t<section class=\"elementor-section elementor-top-section elementor-element elementor-element-ffd178f elementor-section-stretched elementor-section-boxed elementor-section-height-default elementor-section-height-default\" data-id=\"ffd178f\" data-element_type=\"section\" data-e-type=\"section\" data-settings=\"{&quot;stretch_section&quot;:&quot;section-stretched&quot;,&quot;background_background&quot;:&quot;classic&quot;,&quot;animation&quot;:&quot;none&quot;,&quot;thegem_parallax_activate&quot;:&quot;yes&quot;,&quot;thegem_parallax_type&quot;:&quot;vertical&quot;}\">\r\n\t\t\t\t\t\t<div class=\"elementor-container elementor-column-gap-thegem\"><div class=\"elementor-row\">\r\n\t\t\t\t\t<div class=\"elementor-column elementor-col-100 elementor-top-column elementor-element elementor-element-59626a3 elementor-invisible\" data-id=\"59626a3\" data-element_type=\"column\" data-e-type=\"column\" data-settings=\"{&quot;background_background&quot;:&quot;slideshow&quot;,&quot;animation&quot;:&quot;fadeInDown&quot;,&quot;background_slideshow_gallery&quot;:[],&quot;background_slideshow_loop&quot;:&quot;yes&quot;,&quot;background_slideshow_slide_duration&quot;:5000,&quot;background_slideshow_slide_transition&quot;:&quot;fade&quot;,&quot;background_slideshow_transition_duration&quot;:500}\">\n\t\t\t<div class=\"elementor-widget-wrap elementor-element-populated\">\n\t\t\t\t\t\t<div class=\"elementor-element elementor-element-47fd95c flex-horizontal-align-default flex-horizontal-align-tablet-default flex-horizontal-align-mobile-default flex-vertical-align-default flex-vertical-align-tablet-default flex-vertical-align-mobile-default elementor-widget elementor-widget-heading\" data-id=\"47fd95c\" data-element_type=\"widget\" data-e-type=\"widget\" data-widget_type=\"heading.default\">\n\t\t\t\t<div class=\"elementor-widget-container\">\n\t\t\t\t\t<div class=\"title-h1 elementor-heading-title elementor-size-default\">INCOTERMS<\/div>\t\t\t\t<\/div>\n\t\t\t\t<\/div>\n\t\t\t\t<div class=\"elementor-element elementor-element-0c7ea22 flex-horizontal-align-default flex-horizontal-align-tablet-default flex-horizontal-align-mobile-default flex-vertical-align-default flex-vertical-align-tablet-default flex-vertical-align-mobile-default elementor-widget elementor-widget-text-editor\" data-id=\"0c7ea22\" data-element_type=\"widget\" data-e-type=\"widget\" data-widget_type=\"text-editor.default\">\n\t\t\t\t<div class=\"elementor-widget-container\">\n\t\t\t\t\t\t\t\t\t\t\t\t<div class=\"elementor-text-editor elementor-clearfix\">\r\n\t\t\t\t\t\t<p>Los Incoterms son un conjunto de t\u00e9rminos comerciales internacionales que establecen reglas y responsabilidades para el intercambio de mercanc\u00edas entre compradores y vendedores en transacciones internacionales. Fueron desarrollados y publicados por la C\u00e1mara de Comercio Internacional (CCI) para estandarizar y clarificar los derechos y obligaciones de las partes involucradas en el comercio internacional.<\/p><p>Los Incoterms definen aspectos clave de una transacci\u00f3n, como la entrega de la mercanc\u00eda, la transferencia de riesgos, los costos y la responsabilidad del transporte, el seguro y los tr\u00e1mites aduaneros. Estos t\u00e9rminos ayudan a evitar malentendidos y conflictos al establecer las responsabilidades de cada parte de manera clara y espec\u00edfica.<\/p><p>Existen diferentes categor\u00edas de Incoterms, como los t\u00e9rminos para cualquier modo de transporte, como EXW (Ex Works), FCA (Free Carrier), CPT (Carriage Paid To), entre otros, y los t\u00e9rminos exclusivos para transporte mar\u00edtimo, como FOB (Free On Board), CFR (Cost and Freight), CIF (Cost, Insurance and Freight), entre otros.<\/p><p>Es importante destacar que los Incoterms no cubren aspectos legales como la propiedad de la mercanc\u00eda, los derechos de aduana o los t\u00e9rminos de pago. Estos deben ser abordados en un contrato comercial aparte.<\/p><p>Los Incoterms se actualizan peri\u00f3dicamente para adaptarse a las nuevas pr\u00e1cticas y necesidades del comercio internacional. Es fundamental que las partes involucradas en una transacci\u00f3n est\u00e9n familiarizadas con los Incoterms y los utilicen correctamente para evitar malentendidos y garantizar una ejecuci\u00f3n exitosa de la operaci\u00f3n.<\/p>\t\t\t\t\t\t\t<\/div>\r\n\t\t\t\t\t\t\t\t\t\t<\/div>\n\t\t\t\t<\/div>\n\t\t\t\t\t<\/div>\n\t\t<\/div>\n\t\t\t\t\t<\/div><\/div>\r\n\t\t<\/section>\r\n\t\t\t\t<section class=\"elementor-section elementor-top-section elementor-element elementor-element-acea79e elementor-section-boxed elementor-section-height-default elementor-section-height-default\" data-id=\"acea79e\" data-element_type=\"section\" data-e-type=\"section\">\r\n\t\t\t\t\t\t<div class=\"elementor-container elementor-column-gap-thegem\"><div class=\"elementor-row\">\r\n\t\t\t\t\t<div class=\"elementor-column elementor-col-100 elementor-top-column elementor-element elementor-element-599ae8b\" data-id=\"599ae8b\" data-element_type=\"column\" data-e-type=\"column\">\n\t\t\t<div class=\"elementor-widget-wrap elementor-element-populated\">\n\t\t\t\t\t\t<div class=\"elementor-element elementor-element-491f1ec flex-horizontal-align-default flex-horizontal-align-tablet-default flex-horizontal-align-mobile-default flex-vertical-align-default flex-vertical-align-tablet-default flex-vertical-align-mobile-default elementor-widget elementor-widget-image\" data-id=\"491f1ec\" data-element_type=\"widget\" data-e-type=\"widget\" data-widget_type=\"image.default\">\n\t\t\t\t<div class=\"elementor-widget-container\">\n\t\t\t\t\t\t\t\t\t\t\t\t\t\t\t<img width=\"768\" height=\"512\" src=\"https:\/\/biladu.es\/wp-content\/uploads\/2026\/02\/incoterm-corregida-768x512.png\" class=\"attachment-medium_large size-medium_large wp-image-5387\" alt=\"\" srcset=\"https:\/\/biladu.es\/wp-content\/uploads\/2026\/02\/incoterm-corregida-768x512.png 768w, https:\/\/biladu.es\/wp-content\/uploads\/2026\/02\/incoterm-corregida-300x200.png 300w, https:\/\/biladu.es\/wp-content\/uploads\/2026\/02\/incoterm-corregida-1024x683.png 1024w, https:\/\/biladu.es\/wp-content\/uploads\/2026\/02\/incoterm-corregida-18x12.png 18w, https:\/\/biladu.es\/wp-content\/uploads\/2026\/02\/incoterm-corregida.png 1536w\" sizes=\"(max-width: 768px) 100vw, 768px\" \/>\t\t\t\t\t\t\t\t\t\t\t\t\t\t\t<\/div>\n\t\t\t\t<\/div>\n\t\t\t\t\t<\/div>\n\t\t<\/div>\n\t\t\t\t\t<\/div><\/div>\r\n\t\t<\/section>\r\n\t\t\t\t<\/div>","protected":false},"excerpt":{"rendered":"<p>INCOTERMS Los Incoterms son un conjunto de t\u00e9rminos comerciales internacionales que&#8230;<\/p>","protected":false},"author":1,"featured_media":0,"parent":0,"menu_order":0,"comment_status":"closed","ping_status":"closed","template":"","meta":{"footnotes":""},"class_list":["post-3499","page","type-page","status-publish"],"_links":{"self":[{"href":"http:\/\/biladu.es\/en\/wp-json\/wp\/v2\/pages\/3499","targetHints":{"allow":["GET"]}}],"collection":[{"href":"http:\/\/biladu.es\/en\/wp-json\/wp\/v2\/pages"}],"about":[{"href":"http:\/\/biladu.es\/en\/wp-json\/wp\/v2\/types\/page"}],"author":[{"embeddable":true,"href":"http:\/\/biladu.es\/en\/wp-json\/wp\/v2\/users\/1"}],"replies":[{"embeddable":true,"href":"http:\/\/biladu.es\/en\/wp-json\/wp\/v2\/comments?post=3499"}],"version-history":[{"count":14,"href":"http:\/\/biladu.es\/en\/wp-json\/wp\/v2\/pages\/3499\/revisions"}],"predecessor-version":[{"id":5390,"href":"http:\/\/biladu.es\/en\/wp-json\/wp\/v2\/pages\/3499\/revisions\/5390"}],"wp:attachment":[{"href":"http:\/\/biladu.es\/en\/wp-json\/wp\/v2\/media?parent=3499"}],"curies":[{"name":"wp","href":"https:\/\/api.w.org\/{rel}","templated":true}]}}