{"id":3505,"date":"2023-07-12T21:44:39","date_gmt":"2023-07-12T21:44:39","guid":{"rendered":"http:\/\/s966605641.mialojamiento.es\/?page_id=3505"},"modified":"2026-01-28T17:56:55","modified_gmt":"2026-01-28T17:56:55","slug":"brexit","status":"publish","type":"page","link":"http:\/\/biladu.es\/en\/brexit","title":{"rendered":"BREXIT"},"content":{"rendered":"<div data-elementor-type=\"wp-page\" data-elementor-id=\"3505\" class=\"elementor elementor-3505\" data-elementor-post-type=\"page\">\n\t\t\t\t\t\t<section class=\"elementor-section elementor-top-section elementor-element elementor-element-8a81c72 elementor-section-stretched elementor-section-boxed elementor-section-height-default elementor-section-height-default\" data-id=\"8a81c72\" data-element_type=\"section\" data-e-type=\"section\" data-settings=\"{&quot;stretch_section&quot;:&quot;section-stretched&quot;,&quot;background_background&quot;:&quot;classic&quot;,&quot;animation&quot;:&quot;none&quot;,&quot;thegem_parallax_activate&quot;:&quot;yes&quot;,&quot;thegem_parallax_type&quot;:&quot;vertical&quot;}\">\r\n\t\t\t\t\t\t<div class=\"elementor-container elementor-column-gap-thegem\"><div class=\"elementor-row\">\r\n\t\t\t\t\t<div class=\"elementor-column elementor-col-100 elementor-top-column elementor-element elementor-element-ed4d12b elementor-invisible\" data-id=\"ed4d12b\" data-element_type=\"column\" data-e-type=\"column\" data-settings=\"{&quot;background_background&quot;:&quot;slideshow&quot;,&quot;animation&quot;:&quot;fadeInDown&quot;,&quot;background_slideshow_gallery&quot;:[],&quot;background_slideshow_loop&quot;:&quot;yes&quot;,&quot;background_slideshow_slide_duration&quot;:5000,&quot;background_slideshow_slide_transition&quot;:&quot;fade&quot;,&quot;background_slideshow_transition_duration&quot;:500}\">\n\t\t\t<div class=\"elementor-widget-wrap elementor-element-populated\">\n\t\t\t\t\t\t<div class=\"elementor-element elementor-element-2391f68 flex-horizontal-align-default flex-horizontal-align-tablet-default flex-horizontal-align-mobile-default flex-vertical-align-default flex-vertical-align-tablet-default flex-vertical-align-mobile-default elementor-widget elementor-widget-heading\" data-id=\"2391f68\" data-element_type=\"widget\" data-e-type=\"widget\" data-widget_type=\"heading.default\">\n\t\t\t\t<div class=\"elementor-widget-container\">\n\t\t\t\t\t<div class=\"title-h1 elementor-heading-title elementor-size-default\">BREXIT<\/div>\t\t\t\t<\/div>\n\t\t\t\t<\/div>\n\t\t\t\t<div class=\"elementor-element elementor-element-be4058e flex-horizontal-align-default flex-horizontal-align-tablet-default flex-horizontal-align-mobile-default flex-vertical-align-default flex-vertical-align-tablet-default flex-vertical-align-mobile-default elementor-widget elementor-widget-text-editor\" data-id=\"be4058e\" data-element_type=\"widget\" data-e-type=\"widget\" data-widget_type=\"text-editor.default\">\n\t\t\t\t<div class=\"elementor-widget-container\">\n\t\t\t\t\t\t\t\t\t\t\t\t<div class=\"elementor-text-editor elementor-clearfix\">\r\n\t\t\t\t\t\t<p>El Brexit, derivado de la combinaci\u00f3n de las palabras \u00abBritain\u00bb (Gran Breta\u00f1a) y \u00abexit\u00bb (salida), se refiere a la decisi\u00f3n del Reino Unido de abandonar la Uni\u00f3n Europea (UE). Este proceso, que se hizo efectivo el 31 de enero de 2020, tiene profundas implicaciones en los tr\u00e1mites aduaneros, marcando un cambio significativo en la relaci\u00f3n comercial entre el Reino Unido y los pa\u00edses de la UE.<\/p><p>Antes del Brexit, el Reino Unido formaba parte del mercado \u00fanico y la uni\u00f3n aduanera de la UE, lo que significaba la libre circulaci\u00f3n de bienes y servicios entre los pa\u00edses miembros sin controles aduaneros. Sin embargo, tras la salida, se establecieron fronteras aduaneras entre el Reino Unido y la UE.<\/p><p>Para las empresas que comercian con el Reino Unido, esto implica una serie de nuevos tr\u00e1mites aduaneros. Se introducen controles fronterizos, requisitos de declaraci\u00f3n aduanera y regulaciones espec\u00edficas para la importaci\u00f3n y exportaci\u00f3n de bienes. Se deben cumplir normativas m\u00e1s estrictas en cuanto a la clasificaci\u00f3n arancelaria, el origen de los productos y la documentaci\u00f3n aduanera.<\/p><p>El Brexit tambi\u00e9n afecta los plazos de entrega y los costos asociados al transporte de mercanc\u00edas. Las empresas deben considerar los tiempos adicionales requeridos para los procedimientos aduaneros y la posible aplicaci\u00f3n de aranceles. Adem\u00e1s, la necesidad de cumplir con est\u00e1ndares y regulaciones espec\u00edficas de cada pa\u00eds agrega complejidad a la cadena de suministro.<\/p><p>La adaptaci\u00f3n a estos cambios implica una cuidadosa planificaci\u00f3n y, en muchos casos, la revisi\u00f3n y actualizaci\u00f3n de contratos comerciales. Las empresas deben estar al tanto de las \u00faltimas regulaciones aduaneras y contar con el conocimiento necesario para gestionar eficientemente sus operaciones comerciales en el nuevo entorno post-Brexit.<\/p><p>En resumen, el Brexit reconfigura las din\u00e1micas aduaneras entre el Reino Unido y la UE, introduciendo nuevos procedimientos y desaf\u00edos que requieren una gesti\u00f3n cuidadosa por parte de las empresas involucradas en el comercio transfronterizo.<\/p>\t\t\t\t\t\t\t<\/div>\r\n\t\t\t\t\t\t\t\t\t\t<\/div>\n\t\t\t\t<\/div>\n\t\t\t\t\t<\/div>\n\t\t<\/div>\n\t\t\t\t\t<\/div><\/div>\r\n\t\t<\/section>\r\n\t\t\t\t<\/div>","protected":false},"excerpt":{"rendered":"<p>BREXIT El Brexit, derivado de la combinaci\u00f3n de las palabras \u00abBritain\u00bb&#8230;<\/p>","protected":false},"author":1,"featured_media":0,"parent":0,"menu_order":0,"comment_status":"closed","ping_status":"closed","template":"","meta":{"footnotes":""},"class_list":["post-3505","page","type-page","status-publish"],"_links":{"self":[{"href":"http:\/\/biladu.es\/en\/wp-json\/wp\/v2\/pages\/3505","targetHints":{"allow":["GET"]}}],"collection":[{"href":"http:\/\/biladu.es\/en\/wp-json\/wp\/v2\/pages"}],"about":[{"href":"http:\/\/biladu.es\/en\/wp-json\/wp\/v2\/types\/page"}],"author":[{"embeddable":true,"href":"http:\/\/biladu.es\/en\/wp-json\/wp\/v2\/users\/1"}],"replies":[{"embeddable":true,"href":"http:\/\/biladu.es\/en\/wp-json\/wp\/v2\/comments?post=3505"}],"version-history":[{"count":14,"href":"http:\/\/biladu.es\/en\/wp-json\/wp\/v2\/pages\/3505\/revisions"}],"predecessor-version":[{"id":5359,"href":"http:\/\/biladu.es\/en\/wp-json\/wp\/v2\/pages\/3505\/revisions\/5359"}],"wp:attachment":[{"href":"http:\/\/biladu.es\/en\/wp-json\/wp\/v2\/media?parent=3505"}],"curies":[{"name":"wp","href":"https:\/\/api.w.org\/{rel}","templated":true}]}}