{"id":4223,"date":"2024-01-10T16:07:13","date_gmt":"2024-01-10T16:07:13","guid":{"rendered":"http:\/\/biladu.es\/?page_id=4223"},"modified":"2024-01-11T15:20:49","modified_gmt":"2024-01-11T15:20:49","slug":"proteccion-de-datos","status":"publish","type":"page","link":"http:\/\/biladu.es\/en\/proteccion-de-datos","title":{"rendered":"Protecci\u00f3n de datos"},"content":{"rendered":"<div data-elementor-type=\"wp-page\" data-elementor-id=\"4223\" class=\"elementor elementor-4223\" data-elementor-post-type=\"page\">\n\t\t\t\t\t\t<section class=\"elementor-section elementor-top-section elementor-element elementor-element-61f22df7 elementor-section-stretched elementor-section-boxed elementor-section-height-default elementor-section-height-default\" data-id=\"61f22df7\" data-element_type=\"section\" data-e-type=\"section\" data-settings=\"{&quot;stretch_section&quot;:&quot;section-stretched&quot;,&quot;background_background&quot;:&quot;classic&quot;,&quot;thegem_parallax_activate&quot;:&quot;yes&quot;,&quot;thegem_parallax_type&quot;:&quot;vertical&quot;}\">\r\n\t\t\t\t\t\t<div class=\"elementor-container elementor-column-gap-thegem\"><div class=\"elementor-row\">\r\n\t\t\t\t\t<div class=\"elementor-column elementor-col-100 elementor-top-column elementor-element elementor-element-2a3a6bc0\" data-id=\"2a3a6bc0\" data-element_type=\"column\" data-e-type=\"column\">\n\t\t\t<div class=\"elementor-widget-wrap elementor-element-populated\">\n\t\t\t\t\t\t<div class=\"elementor-element elementor-element-7321e25d flex-horizontal-align-default flex-horizontal-align-tablet-default flex-horizontal-align-mobile-default flex-vertical-align-default flex-vertical-align-tablet-default flex-vertical-align-mobile-default elementor-widget elementor-widget-text-editor\" data-id=\"7321e25d\" data-element_type=\"widget\" data-e-type=\"widget\" data-widget_type=\"text-editor.default\">\n\t\t\t\t<div class=\"elementor-widget-container\">\n\t\t\t\t\t\t\t\t\t\t\t\t<div class=\"elementor-text-editor elementor-clearfix\">\r\n\t\t\t\t\t\t\n<p>\u00a0<\/p>\n<p>La presente Pol\u00edtica de Privacidad tiene por objeto informarle del tratamiento que reciben sus datos de car\u00e1cter personal, cuando navega o utiliza los servicios incluidos en nuestra p\u00e1gina web, de forma que pueda decidir libremente si desea aportarlos con las finalidades que se recogen en el presente documento.<\/p>\n\n<p>1. \u00bfQui\u00e9n se responsabiliza del tratamiento de mis datos personales?.<\/p>\n\n<p>Le informamos que la entidad responsable de los datos personales que le solicitamos es: BILADU S.A. con direcci\u00f3n en calle SAN VICENTE N\u00ba 8 8\u00aa PL (en adelante BILADU).<\/p>\n\n<p>Si desea contactar con nosotros, puede hacerlo en:<\/p>\n\n<p>\u2022\u00a0\u00a0\u00a0\u00a0\u00a0\u00a0\u00a0\u00a0\u00a0\u00a0\u00a0 La siguiente direcci\u00f3n de correo electr\u00f3nico: info@biladu.com<\/p>\n\n<p>\u2022\u00a0\u00a0\u00a0\u00a0\u00a0\u00a0\u00a0\u00a0\u00a0\u00a0\u00a0 El siguiente n\u00famero de tel\u00e9fono: +34 944235252<\/p>\n\n<p>2. \u00bfCon qu\u00e9 finalidad ser\u00e1n tratados mis datos personales?.<\/p>\n\n<p>Sus datos personales ser\u00e1n utilizados para las siguientes finalidades:<\/p>\n\n<p>\u2022\u00a0\u00a0\u00a0\u00a0\u00a0\u00a0\u00a0\u00a0\u00a0\u00a0\u00a0 Atender a su solicitud.<\/p>\n\n<p>\u2022\u00a0\u00a0\u00a0\u00a0\u00a0\u00a0\u00a0\u00a0\u00a0\u00a0\u00a0 En caso de que contrate alguno de nuestros productos o servicios, utilizaremos sus datos personales para la gesti\u00f3n y la facturaci\u00f3n de los mismos.<\/p>\n\n<p>\u2022\u00a0\u00a0\u00a0\u00a0\u00a0\u00a0\u00a0\u00a0\u00a0\u00a0\u00a0 Conservaremos sus datos de contacto para informarle peri\u00f3dicamente sobre los productos y servicios, propios o de terceros que entendamos puedan resultar de su inter\u00e9s.<\/p>\n\n<p>\u2022\u00a0\u00a0\u00a0\u00a0\u00a0\u00a0\u00a0\u00a0\u00a0\u00a0\u00a0 Conocer sus gustos y preferencias para mejorar la calidad de nuestros productos y servicios.<\/p>\n\n<p>\u2022\u00a0\u00a0\u00a0\u00a0\u00a0\u00a0\u00a0\u00a0\u00a0\u00a0\u00a0 Registrar su direcci\u00f3n IP utilizada para la navegaci\u00f3n en nuestra web y sus h\u00e1bitos de consumo para gestionar nuestras acciones de marketing.<\/p>\n\n<p>\u2022\u00a0\u00a0\u00a0\u00a0\u00a0\u00a0\u00a0\u00a0\u00a0\u00a0\u00a0 Utilizamos cookies para mejorar y personalizar el servicio ofrecido, as\u00ed como facilitar la navegaci\u00f3n. Si desea m\u00e1s informaci\u00f3n respecto a las cookies puede consultarlo en el siguiente enlace: \u201dPol\u00edtica de Cookies\u201d<\/p>\n\n<p>3. Comunicaciones comerciales.<\/p>\n\n<p>La aportaci\u00f3n de sus datos personales en cualquiera de nuestros formularios de registro, implica su aceptaci\u00f3n expresa para que podamos enviarle informaci\u00f3n propia o de terceros que entendamos pueda resultarle de inter\u00e9s. El env\u00edo de esta informaci\u00f3n es parte sustancial de nuestro negocio y, por tanto, est\u00e1 asociado a la contrataci\u00f3n de cualquiera de nuestros productos o servicios.<\/p>\n\n<p>No obstante, le recordamos que puede oponerse en todo momento y de forma gratuita al env\u00edo de estas comunicaciones, enviando un correo electr\u00f3nico a la direcci\u00f3n indicada en el punto primero del presente documento.<\/p>\n\n<p>4. \u00bfCu\u00e1nto tiempo conservar\u00e1n mis datos personales?.<\/p>\n\n<p>Sus datos personales se conservar\u00e1n el tiempo estrictamente necesario para prestarle el servicio o producto contratado. Una vez finalizado el servicio, y\/o la garant\u00eda sobre los productos adquiridos conservaremos sus datos durante cinco a\u00f1os, que es el plazo est\u00e1ndar de prescripci\u00f3n de responsabilidades civiles o mercantiles. No obstante, debe ser consciente que estos plazos de conservaci\u00f3n podr\u00edan verse ampliados por modificaciones legales o apreciaci\u00f3n de responsabilidades penales. Una vez prescritas las responsabilidades derivadas del contrato, procederemos a la destrucci\u00f3n de todos sus datos personales.<\/p>\n\n<p>Queremos conservar sus datos de contacto de forma indefinida para enviarle informaci\u00f3n peri\u00f3dica sobre productos y\/o servicios, propios o de terceros, que entendamos puedan resultar de su inter\u00e9s. Por tanto, si no desea recibir informaci\u00f3n comercial, propia o de terceros, puede oponerse indic\u00e1ndolo en la siguiente direcci\u00f3n: info@biladu.com<\/p>\n\n<p>5. \u00bfQu\u00e9 datos debo facilitar?.<\/p>\n\n<p>Todos los datos personales solicitados que van marcados con un asterisco son imprescindibles para adquirir o contratar nuestros productos y\/o servicios. Si no facilita alguno de estos datos obligatorios no podremos atenderle.<\/p>\n\n<p>6. \u00bfMis datos personales ser\u00e1n cedidos a terceros?.<\/p>\n\n<p>No, sus datos no son cedidos a terceros.<\/p>\n\n<p>7. Sus derechos.<\/p>\n\n<p>\u2022\u00a0\u00a0\u00a0\u00a0\u00a0\u00a0\u00a0\u00a0\u00a0\u00a0\u00a0 Tiene derecho a acceder a sus datos personales.<\/p>\n\n<p>\u2022\u00a0\u00a0\u00a0\u00a0\u00a0\u00a0\u00a0\u00a0\u00a0\u00a0\u00a0 Tiene derecho a solicitar su rectificaci\u00f3n o supresi\u00f3n.<\/p>\n\n<p>\u2022\u00a0\u00a0\u00a0\u00a0\u00a0\u00a0\u00a0\u00a0\u00a0\u00a0\u00a0 Puede retirar el consentimiento otorgado en todo momento.<\/p>\n\n<p>\u2022\u00a0\u00a0\u00a0\u00a0\u00a0\u00a0\u00a0\u00a0\u00a0\u00a0\u00a0 Puede solicitar la limitaci\u00f3n del tratamiento de sus datos personales.<\/p>\n\n<p>\u2022\u00a0\u00a0\u00a0\u00a0\u00a0\u00a0\u00a0\u00a0\u00a0\u00a0\u00a0 Tiene derecho a oponerse al tratamiento de sus datos personales.<\/p>\n\n<p>\u2022\u00a0\u00a0\u00a0\u00a0\u00a0\u00a0\u00a0\u00a0\u00a0\u00a0\u00a0 Tiene derecho a la portabilidad de sus datos personales.<\/p>\n\n<p>Para ejercer cualquiera de estos derechos debe presentar una solicitud en la direcci\u00f3n del responsable del fichero que se recoge en el primer punto de la presente pol\u00edtica de privacidad. Si desea obtener m\u00e1s informaci\u00f3n respecto a sus derechos o la forma de hacerlos valer, puede dirigirse a la Agencia Espa\u00f1ola de Protecci\u00f3n de Datos \u2013www.agpd.es-.<\/p>\n\n<p>8. Cookies.<\/p>\n\n<p>Le informamos de que BILADU tiene instaladas cookies en sus sistemas, con la \u00fanica finalidad de mejorar y personalizar el servicio ofrecido as\u00ed como facilitar la navegaci\u00f3n, las cookies se asocian \u00fanicamente a un usuario an\u00f3nimo y un ordenador, no permitiendo el acceso a datos de car\u00e1cter personal. Las cookies son peque\u00f1os archivos de texto que almacena el navegador en el disco duro de su ordenador. Cuando navega a trav\u00e9s de nuestra p\u00e1gina web, nuestro servidor podr\u00e1 reconocer la cookies y proporcionarnos informaci\u00f3n sobre el idioma seleccionado en su \u00faltima visita. La mayor\u00eda de los navegadores aceptan la utilizaci\u00f3n de cookies de forma autom\u00e1tica, pero puede configurar su navegador para ser avisado en su pantalla de ordenador de la recepci\u00f3n de cookies y poder impedir su instalaci\u00f3n en su disco duro.<\/p>\n\n<p>9. Calidad de los datos.<\/p>\n\n<p>El Usuario garantiza que los Datos Personales facilitados a BILADU son veraces y se hace responsable de comunicar cualquier modificaci\u00f3n en los mismos. El Usuario ser\u00e1 el \u00fanico responsable de cualquier da\u00f1o o perjuicio, directo o indirecto, que pudiera ocasionar a BILADU o a cualquier tercero a causa de la cumplimentaci\u00f3n de los formularios con datos falsos, inexactos, incompletos o no actualizados. El Usuario no deber\u00e1 incluir datos personales de terceros sin su consentimiento informado previo de lo establecido en la presente pol\u00edtica de privacidad, siendo el \u00fanico responsable de su introducci\u00f3n.<\/p>\n\n<p>10. Confidencialidad.<\/p>\n\n<p>Sus datos personales son clasificados como informaci\u00f3n confidencial, por tanto, todo tratamiento sobre estos datos se realizar\u00e1 garantizando el m\u00e1ximo secreto frente a terceros y aplicando las medidas de seguridad necesarias para garantizar su seguridad.<\/p>\n\n<p>11. Medidas de seguridad.<\/p>\n\n<p>BILADU ha adoptado las medidas necesarias para evitar la alteraci\u00f3n, p\u00e9rdida, tratamiento o acceso no autorizado de los datos personales, habida cuenta en todo momento del estado de la tecnolog\u00eda, la naturaleza de los datos almacenados y los riesgos a que est\u00e1n expuestos, ya provengan de la acci\u00f3n humana o del medio f\u00edsico o natural, no obstante, el Usuario debe ser consciente de que las medidas de seguridad en Internet no son inexpugnables.<\/p>\n\n<p>12. Condiciones particulares.<\/p>\n\n<p>Ciertos servicios prestados por BILADU, pueden contener condiciones particulares con previsiones espec\u00edficas en materia de protecci\u00f3n de datos personales, siendo por tanto de aplicaci\u00f3n las condiciones particulares de cada caso. En todo lo no regulado por las condiciones particulares ser\u00e1 de aplicaci\u00f3n supletoria las condiciones generales recogidas en la presente pol\u00edtica de privacidad.<\/p>\n\n<p>13. Menores de edad.<\/p>\n\n<p>Se advierte a los ni\u00f1os y j\u00f3venes menores de 14 a\u00f1os que necesit\u00e1is el permiso de vuestros padres o tutores para proporcionar datos personales en el sitio web de BILADU.<\/p>\n<p>\u00a0<\/p>\n\t\t\t\t\t\t\t<\/div>\r\n\t\t\t\t\t\t\t\t\t\t<\/div>\n\t\t\t\t<\/div>\n\t\t\t\t\t<\/div>\n\t\t<\/div>\n\t\t\t\t\t<\/div><\/div>\r\n\t\t<\/section>\r\n\t\t\t\t<\/div>","protected":false},"excerpt":{"rendered":"<p>\u00a0 La presente Pol\u00edtica de Privacidad tiene por objeto informarle del&#8230;<\/p>","protected":false},"author":1,"featured_media":0,"parent":0,"menu_order":0,"comment_status":"closed","ping_status":"open","template":"","meta":{"footnotes":""},"class_list":["post-4223","page","type-page","status-publish"],"_links":{"self":[{"href":"http:\/\/biladu.es\/en\/wp-json\/wp\/v2\/pages\/4223","targetHints":{"allow":["GET"]}}],"collection":[{"href":"http:\/\/biladu.es\/en\/wp-json\/wp\/v2\/pages"}],"about":[{"href":"http:\/\/biladu.es\/en\/wp-json\/wp\/v2\/types\/page"}],"author":[{"embeddable":true,"href":"http:\/\/biladu.es\/en\/wp-json\/wp\/v2\/users\/1"}],"replies":[{"embeddable":true,"href":"http:\/\/biladu.es\/en\/wp-json\/wp\/v2\/comments?post=4223"}],"version-history":[{"count":8,"href":"http:\/\/biladu.es\/en\/wp-json\/wp\/v2\/pages\/4223\/revisions"}],"predecessor-version":[{"id":4278,"href":"http:\/\/biladu.es\/en\/wp-json\/wp\/v2\/pages\/4223\/revisions\/4278"}],"wp:attachment":[{"href":"http:\/\/biladu.es\/en\/wp-json\/wp\/v2\/media?parent=4223"}],"curies":[{"name":"wp","href":"https:\/\/api.w.org\/{rel}","templated":true}]}}