{"id":3485,"date":"2023-07-12T21:16:21","date_gmt":"2023-07-12T21:16:21","guid":{"rendered":"http:\/\/s966605641.mialojamiento.es\/?page_id=3485"},"modified":"2026-02-06T08:42:44","modified_gmt":"2026-02-06T08:42:44","slug":"oea","status":"publish","type":"page","link":"https:\/\/biladu.es\/en\/oea","title":{"rendered":"OEA"},"content":{"rendered":"<div data-elementor-type=\"wp-page\" data-elementor-id=\"3485\" class=\"elementor elementor-3485\" data-elementor-post-type=\"page\">\n\t\t\t\t\t\t<section class=\"elementor-section elementor-top-section elementor-element elementor-element-464eac8c elementor-section-boxed elementor-section-height-default elementor-section-height-default\" data-id=\"464eac8c\" data-element_type=\"section\" data-e-type=\"section\">\r\n\t\t\t\t\t\t<div class=\"elementor-container elementor-column-gap-thegem\"><div class=\"elementor-row\">\r\n\t\t\t\t\t<div class=\"elementor-column elementor-col-100 elementor-top-column elementor-element elementor-element-5c413531\" data-id=\"5c413531\" data-element_type=\"column\" data-e-type=\"column\">\n\t\t\t<div class=\"elementor-widget-wrap elementor-element-populated\">\n\t\t\t\t\t\t<section class=\"elementor-section elementor-inner-section elementor-element elementor-element-227f217d elementor-section-boxed elementor-section-height-default elementor-section-height-default\" data-id=\"227f217d\" data-element_type=\"section\" data-e-type=\"section\">\r\n\t\t\t\t\t\t<div class=\"elementor-container elementor-column-gap-thegem\"><div class=\"elementor-row\">\r\n\t\t\t\t\t<div class=\"elementor-column elementor-col-50 elementor-inner-column elementor-element elementor-element-ad1096f\" data-id=\"ad1096f\" data-element_type=\"column\" data-e-type=\"column\">\n\t\t\t<div class=\"elementor-widget-wrap elementor-element-populated\">\n\t\t\t\t\t\t<div class=\"elementor-element elementor-element-52aa0db5 flex-horizontal-align-default flex-horizontal-align-tablet-default flex-horizontal-align-mobile-default flex-vertical-align-default flex-vertical-align-tablet-default flex-vertical-align-mobile-default elementor-widget elementor-widget-text-editor\" data-id=\"52aa0db5\" data-element_type=\"widget\" data-e-type=\"widget\" data-widget_type=\"text-editor.default\">\n\t\t\t\t<div class=\"elementor-widget-container\">\n\t\t\t\t\t\t\t\t\t\t\t\t<div class=\"elementor-text-editor elementor-clearfix\">\r\n\t\t\t\t\t\t<p class=\"p1\"><b>Operador Econ\u00f3mico Autorizado (OEA): concepto, requisitos y beneficios<\/b><b><\/b><\/p>\t\t\t\t\t\t\t<\/div>\r\n\t\t\t\t\t\t\t\t\t\t<\/div>\n\t\t\t\t<\/div>\n\t\t\t\t<div class=\"elementor-element elementor-element-1c7bddf1 flex-horizontal-align-default flex-horizontal-align-tablet-default flex-horizontal-align-mobile-default flex-vertical-align-default flex-vertical-align-tablet-default flex-vertical-align-mobile-default elementor-widget elementor-widget-text-editor\" data-id=\"1c7bddf1\" data-element_type=\"widget\" data-e-type=\"widget\" data-widget_type=\"text-editor.default\">\n\t\t\t\t<div class=\"elementor-widget-container\">\n\t\t\t\t\t\t\t\t\t\t\t\t<div class=\"elementor-text-editor elementor-clearfix\">\r\n\t\t\t\t\t\t<!DOCTYPE html>\n<html lang=\"es\">\n<head>\n  <meta charset=\"UTF-8\">\n  <title>Operador Econ\u00f3mico Autorizado<\/title>\n  <style>\n    .p1 {\n      text-align: justify;\n    }\n\n    .s1 b {\n      font-weight: bold;\n    }\n  <\/style>\n<\/head>\n<body>\n\n  <p class=\"p1\">\n    El <span class=\"s1\"><b>Operador Econ\u00f3mico Autorizado (OEA)<\/b><\/span> es un estatus otorgado por las \n    autoridades aduaneras a las empresas que demuestran un alto nivel de \n    <span class=\"s1\"><b>cumplimiento normativo y seguridad<\/b><\/span> en sus operaciones de comercio \n    internacional. Este reconocimiento se enmarca en el \n    <span class=\"s1\"><b>Marco Normativo de Seguridad de la Organizaci\u00f3n Mundial de Aduanas (OMA)<\/b><\/span> \n    y tiene validez internacional.\n  <\/p>\n\n  <p class=\"p1\">\n    Las empresas certificadas como OEA se benefician de \n    <span class=\"s1\"><b>procedimientos aduaneros simplificados<\/b><\/span>, \n    <span class=\"s1\"><b>trato prioritario<\/b><\/span>, \n    <span class=\"s1\"><b>menores controles<\/b><\/span>, acceso a \n    <span class=\"s1\"><b>programas de comercio seguro<\/b><\/span> y \n    <span class=\"s1\"><b>reconocimiento internacional<\/b><\/span>, lo que agiliza y facilita sus \n    operaciones transfronterizas.\n  <\/p>\n\n  <p class=\"p1\">\n    Para obtener este estatus, las empresas deben cumplir \n    <span class=\"s1\"><b>requisitos exigentes<\/b><\/span> relacionados con la \n    <span class=\"s1\"><b>seguridad de la cadena de suministro<\/b><\/span>, el \n    <span class=\"s1\"><b>historial de cumplimiento aduanero<\/b><\/span>, la \n    <span class=\"s1\"><b>solvencia financiera<\/b><\/span> y la \n    <span class=\"s1\"><b>gesti\u00f3n de riesgos<\/b><\/span>.\n  <\/p>\n\n  <p class=\"p1\">\n    En definitiva, el OEA identifica a las empresas como \n    <span class=\"s1\"><b>socios comerciales fiables y seguros<\/b><\/span>, mejorando la \n    <span class=\"s1\"><b>eficiencia y competitividad<\/b><\/span> en el comercio internacional.\n  <\/p>\n\n<\/body>\n<\/html>\t\t\t\t\t\t\t<\/div>\r\n\t\t\t\t\t\t\t\t\t\t<\/div>\n\t\t\t\t<\/div>\n\t\t\t\t\t<\/div>\n\t\t<\/div>\n\t\t\t\t<div class=\"elementor-column elementor-col-50 elementor-inner-column elementor-element elementor-element-27ad2f0c\" data-id=\"27ad2f0c\" data-element_type=\"column\" data-e-type=\"column\">\n\t\t\t<div class=\"elementor-widget-wrap elementor-element-populated\">\n\t\t\t\t\t\t<div class=\"elementor-element elementor-element-5e791119 elementor-widget__width-initial flex-horizontal-align-default flex-horizontal-align-tablet-default flex-horizontal-align-mobile-default flex-vertical-align-default flex-vertical-align-tablet-default flex-vertical-align-mobile-default elementor-widget elementor-widget-image\" data-id=\"5e791119\" data-element_type=\"widget\" data-e-type=\"widget\" data-widget_type=\"image.default\">\n\t\t\t\t<div class=\"elementor-widget-container\">\n\t\t\t\t\t\t\t\t\t\t\t\t\t\t\t<img width=\"1024\" height=\"559\" src=\"https:\/\/biladu.es\/wp-content\/uploads\/2026\/02\/OEA.jpg\" class=\"attachment-full size-full wp-image-5391\" alt=\"\" srcset=\"https:\/\/biladu.es\/wp-content\/uploads\/2026\/02\/OEA.jpg 1024w, https:\/\/biladu.es\/wp-content\/uploads\/2026\/02\/OEA-300x164.jpg 300w, https:\/\/biladu.es\/wp-content\/uploads\/2026\/02\/OEA-768x419.jpg 768w, https:\/\/biladu.es\/wp-content\/uploads\/2026\/02\/OEA-18x10.jpg 18w\" sizes=\"(max-width: 1024px) 100vw, 1024px\" \/>\t\t\t\t\t\t\t\t\t\t\t\t\t\t\t<\/div>\n\t\t\t\t<\/div>\n\t\t\t\t\t<\/div>\n\t\t<\/div>\n\t\t\t\t\t<\/div><\/div>\r\n\t\t<\/section>\r\n\t\t\t\t<section class=\"elementor-section elementor-inner-section elementor-element elementor-element-ac18a2e elementor-section-boxed elementor-section-height-default elementor-section-height-default\" data-id=\"ac18a2e\" data-element_type=\"section\" data-e-type=\"section\">\r\n\t\t\t\t\t\t<div class=\"elementor-container elementor-column-gap-thegem\"><div class=\"elementor-row\">\r\n\t\t\t\t\t<div class=\"elementor-column elementor-col-50 elementor-inner-column elementor-element elementor-element-2a2a0a2e\" data-id=\"2a2a0a2e\" data-element_type=\"column\" data-e-type=\"column\">\n\t\t\t<div class=\"elementor-widget-wrap elementor-element-populated\">\n\t\t\t\t\t\t<div class=\"elementor-element elementor-element-5cc79877 elementor-widget__width-initial flex-horizontal-align-default flex-horizontal-align-tablet-default flex-horizontal-align-mobile-default flex-vertical-align-default flex-vertical-align-tablet-default flex-vertical-align-mobile-default elementor-widget elementor-widget-image\" data-id=\"5cc79877\" data-element_type=\"widget\" data-e-type=\"widget\" data-widget_type=\"image.default\">\n\t\t\t\t<div class=\"elementor-widget-container\">\n\t\t\t\t\t\t\t\t\t\t\t\t\t\t\t<img width=\"1024\" height=\"559\" src=\"https:\/\/biladu.es\/wp-content\/uploads\/2026\/02\/ISO9001.jpg\" class=\"attachment-full size-full wp-image-5396\" alt=\"\" srcset=\"https:\/\/biladu.es\/wp-content\/uploads\/2026\/02\/ISO9001.jpg 1024w, https:\/\/biladu.es\/wp-content\/uploads\/2026\/02\/ISO9001-300x164.jpg 300w, https:\/\/biladu.es\/wp-content\/uploads\/2026\/02\/ISO9001-768x419.jpg 768w, https:\/\/biladu.es\/wp-content\/uploads\/2026\/02\/ISO9001-18x10.jpg 18w\" sizes=\"(max-width: 1024px) 100vw, 1024px\" \/>\t\t\t\t\t\t\t\t\t\t\t\t\t\t\t<\/div>\n\t\t\t\t<\/div>\n\t\t\t\t\t<\/div>\n\t\t<\/div>\n\t\t\t\t<div class=\"elementor-column elementor-col-50 elementor-inner-column elementor-element elementor-element-61d2e0c\" data-id=\"61d2e0c\" data-element_type=\"column\" data-e-type=\"column\">\n\t\t\t<div class=\"elementor-widget-wrap elementor-element-populated\">\n\t\t\t\t\t\t<div class=\"elementor-element elementor-element-2c01705 flex-horizontal-align-default flex-horizontal-align-tablet-default flex-horizontal-align-mobile-default flex-vertical-align-default flex-vertical-align-tablet-default flex-vertical-align-mobile-default elementor-widget elementor-widget-text-editor\" data-id=\"2c01705\" data-element_type=\"widget\" data-e-type=\"widget\" data-widget_type=\"text-editor.default\">\n\t\t\t\t<div class=\"elementor-widget-container\">\n\t\t\t\t\t\t\t\t\t\t\t\t<div class=\"elementor-text-editor elementor-clearfix\">\r\n\t\t\t\t\t\t<p class=\"p1\"><b>Pol\u00edtica de Calidad y Compromiso OEA de BILADU, S.A.<\/b><b><\/b><\/p>\t\t\t\t\t\t\t<\/div>\r\n\t\t\t\t\t\t\t\t\t\t<\/div>\n\t\t\t\t<\/div>\n\t\t\t\t<div class=\"elementor-element elementor-element-7e1ab86 flex-horizontal-align-default flex-horizontal-align-tablet-default flex-horizontal-align-mobile-default flex-vertical-align-default flex-vertical-align-tablet-default flex-vertical-align-mobile-default elementor-widget elementor-widget-text-editor\" data-id=\"7e1ab86\" data-element_type=\"widget\" data-e-type=\"widget\" data-widget_type=\"text-editor.default\">\n\t\t\t\t<div class=\"elementor-widget-container\">\n\t\t\t\t\t\t\t\t\t\t\t\t<div class=\"elementor-text-editor elementor-clearfix\">\r\n\t\t\t\t\t\t<!DOCTYPE html>\n<html lang=\"es\">\n<head>\n  <meta charset=\"UTF-8\">\n  <title>Pol\u00edtica de Calidad y OEA<\/title>\n  <style>\n    .p1 {\n      text-align: justify;\n    }\n\n    .s1 b {\n      font-weight: bold;\n    }\n  <\/style>\n<\/head>\n<body>\n\n  <p class=\"p1\">\n    La Direcci\u00f3n de <span class=\"s1\"><b>BILADU, S.A.<\/b><\/span>, empresa dedicada a la actividad de \n    <span class=\"s1\"><b>Agente de Aduanas y Transitarios<\/b><\/span>, considera la \n    <span class=\"s1\"><b>Calidad y el estatus OEA<\/b><\/span> como elementos estrat\u00e9gicos para el desarrollo \n    de su actividad. Por ello, establece una Pol\u00edtica de Calidad y objetivos orientados a la \n    <span class=\"s1\"><b>satisfacci\u00f3n del cliente<\/b><\/span>, el \n    <span class=\"s1\"><b>cumplimiento de la normativa aduanera vigente<\/b><\/span> y la \n    <span class=\"s1\"><b>mejora continua<\/b><\/span> del Sistema de Gesti\u00f3n.\n  <\/p>\n\n  <p class=\"p1\">\n    La empresa asume el compromiso de cumplir con los requisitos legales, los exigidos por la Administraci\u00f3n \n    y por sus clientes, basando su actividad en una planificaci\u00f3n adecuada, el control, el seguimiento y la \n    medici\u00f3n de los procesos. Asimismo, impulsa acciones de mejora continua, promoviendo el aprendizaje a \n    partir de incidencias y la eliminaci\u00f3n de sus causas.\n  <\/p>\n\n  <p class=\"p1\">\n    El correcto funcionamiento del Sistema de Gesti\u00f3n requiere la \n    <span class=\"s1\"><b>participaci\u00f3n y colaboraci\u00f3n de todo el personal<\/b><\/span>, apoyado en una \n    comunicaci\u00f3n eficaz y formaci\u00f3n continua. El sistema es evaluado, como m\u00ednimo, de forma anual para \n    garantizar su eficacia y adecuaci\u00f3n, asegurando adem\u00e1s que la Pol\u00edtica de Calidad y OEA sea conocida \n    y comprendida por toda la organizaci\u00f3n.\n  <\/p>\n\n<\/body>\n<\/html>\t\t\t\t\t\t\t<\/div>\r\n\t\t\t\t\t\t\t\t\t\t<\/div>\n\t\t\t\t<\/div>\n\t\t\t\t\t<\/div>\n\t\t<\/div>\n\t\t\t\t\t<\/div><\/div>\r\n\t\t<\/section>\r\n\t\t\t\t\t<\/div>\n\t\t<\/div>\n\t\t\t\t\t<\/div><\/div>\r\n\t\t<\/section>\r\n\t\t\t\t<\/div>","protected":false},"excerpt":{"rendered":"<p>Operador Econ\u00f3mico Autorizado (OEA): concepto, requisitos y beneficios Operador Econ\u00f3mico Autorizado&#8230;<\/p>","protected":false},"author":1,"featured_media":0,"parent":0,"menu_order":0,"comment_status":"closed","ping_status":"closed","template":"page-fullwidth.php","meta":{"footnotes":""},"class_list":["post-3485","page","type-page","status-publish"],"_links":{"self":[{"href":"https:\/\/biladu.es\/en\/wp-json\/wp\/v2\/pages\/3485","targetHints":{"allow":["GET"]}}],"collection":[{"href":"https:\/\/biladu.es\/en\/wp-json\/wp\/v2\/pages"}],"about":[{"href":"https:\/\/biladu.es\/en\/wp-json\/wp\/v2\/types\/page"}],"author":[{"embeddable":true,"href":"https:\/\/biladu.es\/en\/wp-json\/wp\/v2\/users\/1"}],"replies":[{"embeddable":true,"href":"https:\/\/biladu.es\/en\/wp-json\/wp\/v2\/comments?post=3485"}],"version-history":[{"count":45,"href":"https:\/\/biladu.es\/en\/wp-json\/wp\/v2\/pages\/3485\/revisions"}],"predecessor-version":[{"id":5406,"href":"https:\/\/biladu.es\/en\/wp-json\/wp\/v2\/pages\/3485\/revisions\/5406"}],"wp:attachment":[{"href":"https:\/\/biladu.es\/en\/wp-json\/wp\/v2\/media?parent=3485"}],"curies":[{"name":"wp","href":"https:\/\/api.w.org\/{rel}","templated":true}]}}