{"id":3563,"date":"2023-07-12T22:37:02","date_gmt":"2023-07-12T22:37:02","guid":{"rendered":"http:\/\/s966605641.mialojamiento.es\/?page_id=3563"},"modified":"2023-07-12T22:38:22","modified_gmt":"2023-07-12T22:38:22","slug":"transportes-especiales","status":"publish","type":"page","link":"https:\/\/biladu.es\/en\/transportes-especiales","title":{"rendered":"TRANSPORTES ESPECIALES"},"content":{"rendered":"<div data-elementor-type=\"wp-page\" data-elementor-id=\"3563\" class=\"elementor elementor-3563\" data-elementor-post-type=\"page\">\n\t\t\t\t\t\t<section class=\"elementor-section elementor-top-section elementor-element elementor-element-55d22302 elementor-section-boxed elementor-section-height-default elementor-section-height-default\" data-id=\"55d22302\" data-element_type=\"section\" data-e-type=\"section\">\r\n\t\t\t\t\t\t<div class=\"elementor-container elementor-column-gap-thegem\"><div class=\"elementor-row\">\r\n\t\t\t\t\t<div class=\"elementor-column elementor-col-100 elementor-top-column elementor-element elementor-element-7deaea11\" data-id=\"7deaea11\" data-element_type=\"column\" data-e-type=\"column\">\n\t\t\t<div class=\"elementor-widget-wrap elementor-element-populated\">\n\t\t\t\t\t\t<div class=\"elementor-element elementor-element-b403cd3 flex-horizontal-align-default flex-horizontal-align-tablet-default flex-horizontal-align-mobile-default flex-vertical-align-default flex-vertical-align-tablet-default flex-vertical-align-mobile-default elementor-widget elementor-widget-heading\" data-id=\"b403cd3\" data-element_type=\"widget\" data-e-type=\"widget\" data-widget_type=\"heading.default\">\n\t\t\t\t<div class=\"elementor-widget-container\">\n\t\t\t\t\t<div class=\"title-h2 elementor-heading-title elementor-size-default\">TRANSPORTES ESPECIALES<\/div>\t\t\t\t<\/div>\n\t\t\t\t<\/div>\n\t\t\t\t<div class=\"elementor-element elementor-element-6ce220d7 flex-horizontal-align-default flex-horizontal-align-tablet-default flex-horizontal-align-mobile-default flex-vertical-align-default flex-vertical-align-tablet-default flex-vertical-align-mobile-default elementor-widget elementor-widget-text-editor\" data-id=\"6ce220d7\" data-element_type=\"widget\" data-e-type=\"widget\" data-widget_type=\"text-editor.default\">\n\t\t\t\t<div class=\"elementor-widget-container\">\n\t\t\t\t\t\t\t\t\t\t\t\t<div class=\"elementor-text-editor elementor-clearfix\">\r\n\t\t\t\t\t\t<p>El transporte especial por carretera se refiere a la movilizaci\u00f3n de cargas que, debido a su naturaleza o caracter\u00edsticas, requieren consideraciones y equipos especiales para su transporte seguro y eficiente. Este tipo de transporte se ocupa de cargas sobredimensionadas, pesadas o delicadas, como maquinaria industrial, equipos de construcci\u00f3n, estructuras prefabricadas o componentes de grandes dimensiones.<\/p><p>\u00a0<\/p><p>El transporte especial por carretera implica una planificaci\u00f3n minuciosa, coordinaci\u00f3n y conocimiento de las regulaciones y restricciones aplicables. Se utilizan veh\u00edculos especializados, como plataformas bajas, remolques modulares, gr\u00faas y escoltas de seguridad, para garantizar la estabilidad, la protecci\u00f3n y el cumplimiento de las normas durante todo el trayecto.<\/p><p>\u00a0<\/p><p>Este tipo de transporte requiere expertos en log\u00edstica y profesionales con experiencia en la manipulaci\u00f3n de cargas excepcionales. La coordinaci\u00f3n con las autoridades de tr\u00e1nsito y el respeto de las medidas de seguridad son fundamentales para garantizar la integridad de la carga y la seguridad de todos los involucrados en el proceso.<\/p><p>\u00a0<\/p><p>El transporte especial por carretera es vital para industrias como la construcci\u00f3n, la energ\u00eda, la manufactura y la infraestructura, ya que permite el desplazamiento eficiente de cargas especiales que no pueden ser transportadas mediante m\u00e9todos convencionales.<\/p>\t\t\t\t\t\t\t<\/div>\r\n\t\t\t\t\t\t\t\t\t\t<\/div>\n\t\t\t\t<\/div>\n\t\t\t\t\t<\/div>\n\t\t<\/div>\n\t\t\t\t\t<\/div><\/div>\r\n\t\t<\/section>\r\n\t\t\t\t<\/div>","protected":false},"excerpt":{"rendered":"<p>TRANSPORTES ESPECIALES El transporte especial por carretera se refiere a la&#8230;<\/p>","protected":false},"author":1,"featured_media":0,"parent":0,"menu_order":0,"comment_status":"closed","ping_status":"closed","template":"","meta":{"footnotes":""},"class_list":["post-3563","page","type-page","status-publish"],"_links":{"self":[{"href":"https:\/\/biladu.es\/en\/wp-json\/wp\/v2\/pages\/3563","targetHints":{"allow":["GET"]}}],"collection":[{"href":"https:\/\/biladu.es\/en\/wp-json\/wp\/v2\/pages"}],"about":[{"href":"https:\/\/biladu.es\/en\/wp-json\/wp\/v2\/types\/page"}],"author":[{"embeddable":true,"href":"https:\/\/biladu.es\/en\/wp-json\/wp\/v2\/users\/1"}],"replies":[{"embeddable":true,"href":"https:\/\/biladu.es\/en\/wp-json\/wp\/v2\/comments?post=3563"}],"version-history":[{"count":4,"href":"https:\/\/biladu.es\/en\/wp-json\/wp\/v2\/pages\/3563\/revisions"}],"predecessor-version":[{"id":3568,"href":"https:\/\/biladu.es\/en\/wp-json\/wp\/v2\/pages\/3563\/revisions\/3568"}],"wp:attachment":[{"href":"https:\/\/biladu.es\/en\/wp-json\/wp\/v2\/media?parent=3563"}],"curies":[{"name":"wp","href":"https:\/\/api.w.org\/{rel}","templated":true}]}}