{"id":3569,"date":"2023-07-12T22:41:57","date_gmt":"2023-07-12T22:41:57","guid":{"rendered":"http:\/\/s966605641.mialojamiento.es\/?page_id=3569"},"modified":"2023-07-12T22:42:30","modified_gmt":"2023-07-12T22:42:30","slug":"despacho-y-tramites-aduaneros","status":"publish","type":"page","link":"https:\/\/biladu.es\/en\/despacho-y-tramites-aduaneros","title":{"rendered":"DESPACHO Y TRAMITES ADUANEROS"},"content":{"rendered":"<div data-elementor-type=\"wp-page\" data-elementor-id=\"3569\" class=\"elementor elementor-3569\" data-elementor-post-type=\"page\">\n\t\t\t\t\t\t<section class=\"elementor-section elementor-top-section elementor-element elementor-element-378b8ed9 elementor-section-boxed elementor-section-height-default elementor-section-height-default\" data-id=\"378b8ed9\" data-element_type=\"section\" data-e-type=\"section\">\r\n\t\t\t\t\t\t<div class=\"elementor-container elementor-column-gap-thegem\"><div class=\"elementor-row\">\r\n\t\t\t\t\t<div class=\"elementor-column elementor-col-100 elementor-top-column elementor-element elementor-element-36e64766\" data-id=\"36e64766\" data-element_type=\"column\" data-e-type=\"column\">\n\t\t\t<div class=\"elementor-widget-wrap elementor-element-populated\">\n\t\t\t\t\t\t<div class=\"elementor-element elementor-element-343c3968 flex-horizontal-align-default flex-horizontal-align-tablet-default flex-horizontal-align-mobile-default flex-vertical-align-default flex-vertical-align-tablet-default flex-vertical-align-mobile-default elementor-widget elementor-widget-heading\" data-id=\"343c3968\" data-element_type=\"widget\" data-e-type=\"widget\" data-widget_type=\"heading.default\">\n\t\t\t\t<div class=\"elementor-widget-container\">\n\t\t\t\t\t<div class=\"title-h2 elementor-heading-title elementor-size-default\">DESPACHO Y TRAMITES ADUANEROS<\/div>\t\t\t\t<\/div>\n\t\t\t\t<\/div>\n\t\t\t\t<div class=\"elementor-element elementor-element-3e9c9c05 flex-horizontal-align-default flex-horizontal-align-tablet-default flex-horizontal-align-mobile-default flex-vertical-align-default flex-vertical-align-tablet-default flex-vertical-align-mobile-default elementor-widget elementor-widget-text-editor\" data-id=\"3e9c9c05\" data-element_type=\"widget\" data-e-type=\"widget\" data-widget_type=\"text-editor.default\">\n\t\t\t\t<div class=\"elementor-widget-container\">\n\t\t\t\t\t\t\t\t\t\t\t\t<div class=\"elementor-text-editor elementor-clearfix\">\r\n\t\t\t\t\t\t<p>Los despachos de aduanas son los procedimientos y tr\u00e1mites que deben cumplirse para importar o exportar mercanc\u00edas a trav\u00e9s de las fronteras de un pa\u00eds. Se refiere a la gesti\u00f3n de documentos y la presentaci\u00f3n de informaci\u00f3n necesaria para cumplir con las regulaciones y requisitos aduaneros.<\/p><p>\u00a0<\/p><p>Durante el despacho de aduanas, se verifica la exactitud de la documentaci\u00f3n, se eval\u00faa el valor de las mercanc\u00edas, se determinan los impuestos y aranceles aplicables, se realizan inspecciones f\u00edsicas y se asegura el cumplimiento de las normas y regulaciones aduaneras.<\/p><p>\u00a0<\/p><p>Los despachos de aduanas pueden ser realizados por empresas especializadas, llamadas agentes de aduanas, que act\u00faan en representaci\u00f3n de los importadores o exportadores. Estos agentes tienen conocimiento experto de las regulaciones aduaneras y trabajan en estrecha colaboraci\u00f3n con las autoridades aduaneras para facilitar el proceso de despacho de manera eficiente y cumpliendo con todas las obligaciones legales.<\/p><p>\u00a0<\/p><p>Un despacho de aduanas exitoso es fundamental para el comercio internacional, ya que asegura el cumplimiento de las normativas aduaneras, el pago de impuestos y aranceles adecuados, y la correcta gesti\u00f3n de las mercanc\u00edas. Adem\u00e1s, contribuye a la seguridad y protecci\u00f3n del comercio internacional al detectar y prevenir el contrabando y el fraude aduanero.<\/p>\t\t\t\t\t\t\t<\/div>\r\n\t\t\t\t\t\t\t\t\t\t<\/div>\n\t\t\t\t<\/div>\n\t\t\t\t\t<\/div>\n\t\t<\/div>\n\t\t\t\t\t<\/div><\/div>\r\n\t\t<\/section>\r\n\t\t\t\t<\/div>","protected":false},"excerpt":{"rendered":"<p>DESPACHO Y TRAMITES ADUANEROS Los despachos de aduanas son los procedimientos&#8230;<\/p>","protected":false},"author":1,"featured_media":0,"parent":0,"menu_order":0,"comment_status":"closed","ping_status":"closed","template":"","meta":{"footnotes":""},"class_list":["post-3569","page","type-page","status-publish"],"_links":{"self":[{"href":"https:\/\/biladu.es\/en\/wp-json\/wp\/v2\/pages\/3569","targetHints":{"allow":["GET"]}}],"collection":[{"href":"https:\/\/biladu.es\/en\/wp-json\/wp\/v2\/pages"}],"about":[{"href":"https:\/\/biladu.es\/en\/wp-json\/wp\/v2\/types\/page"}],"author":[{"embeddable":true,"href":"https:\/\/biladu.es\/en\/wp-json\/wp\/v2\/users\/1"}],"replies":[{"embeddable":true,"href":"https:\/\/biladu.es\/en\/wp-json\/wp\/v2\/comments?post=3569"}],"version-history":[{"count":4,"href":"https:\/\/biladu.es\/en\/wp-json\/wp\/v2\/pages\/3569\/revisions"}],"predecessor-version":[{"id":3573,"href":"https:\/\/biladu.es\/en\/wp-json\/wp\/v2\/pages\/3569\/revisions\/3573"}],"wp:attachment":[{"href":"https:\/\/biladu.es\/en\/wp-json\/wp\/v2\/media?parent=3569"}],"curies":[{"name":"wp","href":"https:\/\/api.w.org\/{rel}","templated":true}]}}