{"id":3574,"date":"2023-07-12T22:43:23","date_gmt":"2023-07-12T22:43:23","guid":{"rendered":"http:\/\/s966605641.mialojamiento.es\/?page_id=3574"},"modified":"2023-07-12T22:44:15","modified_gmt":"2023-07-12T22:44:15","slug":"servicios-3pl","status":"publish","type":"page","link":"https:\/\/biladu.es\/en\/servicios-3pl","title":{"rendered":"SERVICIOS 3PL"},"content":{"rendered":"<div data-elementor-type=\"wp-page\" data-elementor-id=\"3574\" class=\"elementor elementor-3574\" data-elementor-post-type=\"page\">\n\t\t\t\t\t\t<section class=\"elementor-section elementor-top-section elementor-element elementor-element-6a55d22f elementor-section-boxed elementor-section-height-default elementor-section-height-default\" data-id=\"6a55d22f\" data-element_type=\"section\" data-e-type=\"section\">\r\n\t\t\t\t\t\t<div class=\"elementor-container elementor-column-gap-thegem\"><div class=\"elementor-row\">\r\n\t\t\t\t\t<div class=\"elementor-column elementor-col-100 elementor-top-column elementor-element elementor-element-1d35e917\" data-id=\"1d35e917\" data-element_type=\"column\" data-e-type=\"column\">\n\t\t\t<div class=\"elementor-widget-wrap elementor-element-populated\">\n\t\t\t\t\t\t<div class=\"elementor-element elementor-element-6128ebad flex-horizontal-align-default flex-horizontal-align-tablet-default flex-horizontal-align-mobile-default flex-vertical-align-default flex-vertical-align-tablet-default flex-vertical-align-mobile-default elementor-widget elementor-widget-heading\" data-id=\"6128ebad\" data-element_type=\"widget\" data-e-type=\"widget\" data-widget_type=\"heading.default\">\n\t\t\t\t<div class=\"elementor-widget-container\">\n\t\t\t\t\t<div class=\"title-h2 elementor-heading-title elementor-size-default\">SERVICIOS 3PL<\/div>\t\t\t\t<\/div>\n\t\t\t\t<\/div>\n\t\t\t\t<div class=\"elementor-element elementor-element-4777a1db flex-horizontal-align-default flex-horizontal-align-tablet-default flex-horizontal-align-mobile-default flex-vertical-align-default flex-vertical-align-tablet-default flex-vertical-align-mobile-default elementor-widget elementor-widget-text-editor\" data-id=\"4777a1db\" data-element_type=\"widget\" data-e-type=\"widget\" data-widget_type=\"text-editor.default\">\n\t\t\t\t<div class=\"elementor-widget-container\">\n\t\t\t\t\t\t\t\t\t\t\t\t<div class=\"elementor-text-editor elementor-clearfix\">\r\n\t\t\t\t\t\t<p>Los servicios 3PL (Third-Party Logistics) se refieren a la externalizaci\u00f3n de las operaciones log\u00edsticas de una empresa a un proveedor externo especializado en la gesti\u00f3n integral de la cadena de suministro. Estos proveedores ofrecen una amplia gama de servicios que abarcan desde el almacenamiento y la gesti\u00f3n de inventarios hasta la distribuci\u00f3n y el transporte de mercanc\u00edas.<\/p><p>\u00a0<\/p><p>Los servicios 3PL permiten a las empresas centrarse en su actividad principal mientras conf\u00edan en un socio log\u00edstico para administrar eficientemente sus operaciones log\u00edsticas. Estos proveedores se encargan de coordinar y optimizar los flujos de materiales, manejar el almacenamiento y la preparaci\u00f3n de pedidos, gestionar el transporte y los despachos aduaneros, e incluso brindar servicios de valor agregado como el embalaje, el etiquetado o el seguimiento de env\u00edos.<\/p><p>\u00a0<\/p><p>La ventaja de los servicios 3PL radica en su experiencia, recursos y redes log\u00edsticas, lo que les permite ofrecer una mayor eficiencia operativa y una reducci\u00f3n de costos para las empresas. Al externalizar estas funciones log\u00edsticas a un tercero especializado, las empresas pueden mejorar su capacidad de respuesta, optimizar su cadena de suministro y adaptarse r\u00e1pidamente a las demandas del mercado.<\/p><p>\u00a0<\/p>\t\t\t\t\t\t\t<\/div>\r\n\t\t\t\t\t\t\t\t\t\t<\/div>\n\t\t\t\t<\/div>\n\t\t\t\t\t<\/div>\n\t\t<\/div>\n\t\t\t\t\t<\/div><\/div>\r\n\t\t<\/section>\r\n\t\t\t\t<\/div>","protected":false},"excerpt":{"rendered":"<p>SERVICIOS 3PL Los servicios 3PL (Third-Party Logistics) se refieren a la&#8230;<\/p>","protected":false},"author":1,"featured_media":0,"parent":0,"menu_order":0,"comment_status":"closed","ping_status":"closed","template":"","meta":{"footnotes":""},"class_list":["post-3574","page","type-page","status-publish"],"_links":{"self":[{"href":"https:\/\/biladu.es\/en\/wp-json\/wp\/v2\/pages\/3574","targetHints":{"allow":["GET"]}}],"collection":[{"href":"https:\/\/biladu.es\/en\/wp-json\/wp\/v2\/pages"}],"about":[{"href":"https:\/\/biladu.es\/en\/wp-json\/wp\/v2\/types\/page"}],"author":[{"embeddable":true,"href":"https:\/\/biladu.es\/en\/wp-json\/wp\/v2\/users\/1"}],"replies":[{"embeddable":true,"href":"https:\/\/biladu.es\/en\/wp-json\/wp\/v2\/comments?post=3574"}],"version-history":[{"count":4,"href":"https:\/\/biladu.es\/en\/wp-json\/wp\/v2\/pages\/3574\/revisions"}],"predecessor-version":[{"id":3579,"href":"https:\/\/biladu.es\/en\/wp-json\/wp\/v2\/pages\/3574\/revisions\/3579"}],"wp:attachment":[{"href":"https:\/\/biladu.es\/en\/wp-json\/wp\/v2\/media?parent=3574"}],"curies":[{"name":"wp","href":"https:\/\/api.w.org\/{rel}","templated":true}]}}