{"id":4230,"date":"2024-01-10T16:13:12","date_gmt":"2024-01-10T16:13:12","guid":{"rendered":"http:\/\/biladu.es\/?page_id=4230"},"modified":"2026-01-16T10:35:37","modified_gmt":"2026-01-16T10:35:37","slug":"aviso-legal","status":"publish","type":"page","link":"https:\/\/biladu.es\/en\/aviso-legal","title":{"rendered":"Aviso Legal"},"content":{"rendered":"<div data-elementor-type=\"wp-page\" data-elementor-id=\"4230\" class=\"elementor elementor-4230\" data-elementor-post-type=\"page\">\n\t\t\t\t\t\t<section class=\"elementor-section elementor-top-section elementor-element elementor-element-257e515d elementor-section-stretched elementor-section-boxed elementor-section-height-default elementor-section-height-default\" data-id=\"257e515d\" data-element_type=\"section\" data-e-type=\"section\" data-settings=\"{&quot;stretch_section&quot;:&quot;section-stretched&quot;,&quot;background_background&quot;:&quot;classic&quot;,&quot;thegem_parallax_activate&quot;:&quot;yes&quot;,&quot;thegem_parallax_type&quot;:&quot;vertical&quot;}\">\r\n\t\t\t\t\t\t<div class=\"elementor-container elementor-column-gap-thegem\"><div class=\"elementor-row\">\r\n\t\t\t\t\t<div class=\"elementor-column elementor-col-100 elementor-top-column elementor-element elementor-element-6390597c\" data-id=\"6390597c\" data-element_type=\"column\" data-e-type=\"column\">\n\t\t\t<div class=\"elementor-widget-wrap elementor-element-populated\">\n\t\t\t\t\t\t<div class=\"elementor-element elementor-element-207bb7cb flex-horizontal-align-default flex-horizontal-align-tablet-default flex-horizontal-align-mobile-default flex-vertical-align-default flex-vertical-align-tablet-default flex-vertical-align-mobile-default elementor-widget elementor-widget-text-editor\" data-id=\"207bb7cb\" data-element_type=\"widget\" data-e-type=\"widget\" data-widget_type=\"text-editor.default\">\n\t\t\t\t<div class=\"elementor-widget-container\">\n\t\t\t\t\t\t\t\t\t\t\t\t<div class=\"elementor-text-editor elementor-clearfix\">\r\n\t\t\t\t\t\t\n<p>\u00a0<\/p>\n<p>La informaci\u00f3n contenida en esta web es comprobada y actualizada por BILADU S.A. de forma regular con las debidas diligencias. A pesar de ello, los datos pueden estar sujetos a cambios en cualquier momento. Por ello, BILADU S.A. no asume ninguna responsabilidad o garant\u00eda de exactitud y totalidad de informaci\u00f3n suministrada.<\/p>\n\n<p>1. Identidad del titular de la presente web.<\/p>\n\n<p>En cumplimiento de la Ley 34\/2002, de 11 de julio, de Servicios de la Sociedad de la Informaci\u00f3n y de Comercio Electr\u00f3nico, le informamos que el titular de esta web es:<\/p>\n\n<p>Raz\u00f3n social:<\/p>\n\n<p>BILADU S.A.<\/p>\n\n<p>C.I.F. n\u00ba: A48550701<\/p>\n\n<p>Direcci\u00f3n: CALLE SAN VICENTE N\u00ba 8 8\u00aa PLANTA<\/p>\n\n<p>Tel\u00e9fono:+34 944235252<\/p>\n\n<p>Correo electr\u00f3nico de contacto:<\/p>\n\n<p>info@biladu.com<\/p>\n\n<p>2. Condiciones generales de uso de este sitio web<\/p>\n\n<p>El acceso a esta p\u00e1gina web le atribuye la condici\u00f3n de \u201cUsuario\u201d, lo cual implica su aceptaci\u00f3n expresa y sin reservas de las condiciones legales que est\u00e9n publicadas en esta web, en el momento en que acceda a la web. Por lo tanto, el Usuario deber\u00e1 leer las presentes condiciones generales de uso, siempre que se proponga acceder y en su caso utilizar los servicios prestados a trav\u00e9s de esta web, ya que estas condiciones pueden sufrir modificaciones.<\/p>\n\n<p>En este sentido, se entender\u00e1 por \u201cUsuario\u201d a la persona que acceda, navegue, utilice o participe en los servicios y actividades, gratuitas u onerosas, desarrolladas en esta web.<\/p>\n\n<p>2.1.-Objeto y \u00e1mbito de aplicaci\u00f3n<\/p>\n\n<p>Las presentes condiciones generales de uso, regulan el acceso, navegaci\u00f3n, contrataci\u00f3n de servicios y uso de esta web, as\u00ed como las responsabilidades derivadas de la utilizaci\u00f3n de sus contenidos tales como los textos, gr\u00e1ficos, dibujos, dise\u00f1os, c\u00f3digos, software, fotograf\u00edas, m\u00fasica, v\u00eddeos, sonidos, bases de datos, im\u00e1genes, expresiones e informaciones, y cualquier otra creaci\u00f3n protegida por las leyes nacionales y los tratados internacionales sobre propiedad intelectual e industrial.<\/p>\n\n<p>BILADU S.A. (en adelante, BILADU) podr\u00e1 establecer condiciones particulares que ser\u00e1n de aplicaci\u00f3n para el uso y\/o contrataci\u00f3n de servicios espec\u00edficos siendo las presentes condiciones generales de aplicaci\u00f3n supletoria. En el supuesto de contradicci\u00f3n entre lo establecido en las condiciones particulares y las condiciones generales, primar\u00e1n la aplicaci\u00f3n de condiciones particulares.<\/p>\n\n<p>2.2.-Condiciones acceso y utilizaci\u00f3n de los servicios<\/p>\n\n<p>a) El acceso a esta web en principio tiene car\u00e1cter libre y gratuito. No obstante, algunos de los servicios y contenidos, pueden encontrarse sujetos a la contrataci\u00f3n previa del servicio o producto, siendo de aplicaci\u00f3n en esos casos, las condiciones particulares publicadas al efecto.<\/p>\n\n<p>b) En todo momento, el Usuario debe realizar un uso l\u00edcito de los servicios de la presente web, de acuerdo con las presentes condiciones generales, la legalidad vigente, la moral y el orden p\u00fablico, as\u00ed como las pr\u00e1cticas generalmente aceptadas en Internet.<\/p>\n\n<p>c) El Usuario garantiza que toda la informaci\u00f3n aportada a trav\u00e9s de los formularios incluidos en esta web es l\u00edcita, real, exacta, veraz y actualizada. Ser\u00e1 exclusiva responsabilidad del Usuario la comunicaci\u00f3n inmediata a BILADU de cualquier modificaci\u00f3n que pueda darse en la informaci\u00f3n suministrada.<\/p>\n\n<p>d) El Usuario se abstendr\u00e1 de: introducir virus, programas, macros o cualquier secuencia de caracteres con la finalidad de da\u00f1ar o alterar los sistemas inform\u00e1ticos de esta web; obstaculizar el acceso de otros usuarios mediante el consumo masivo de recursos; captar datos incluidos en esta web con finalidad publicitaria; reproducir, copiar, distribuir, transformar o poner a disposici\u00f3n de terceros los contenidos incluidos en esta web; realizar acciones a trav\u00e9s de los servicios incluidos en esta web que puedan lesionar la propiedad intelectual, secretos industriales, compromisos contractuales, derechos al honor, a la imagen y la intimidad personal de terceros; realizar acciones de competencia desleal y publicidad il\u00edcita.<\/p>\n\n<p>e) Si para la utilizaci\u00f3n y\/o contrataci\u00f3n de un servicio en esta web, el Usuario debiera proceder a su registro, \u00e9ste ser\u00e1 responsable de aportar informaci\u00f3n veraz y l\u00edcita. Si como consecuencia del registro, se dotara al Usuario de una contrase\u00f1a, \u00e9ste se compromete a hacer un uso diligente y a mantener en secreto la contrase\u00f1a para acceder a estos servicios. En consecuencia, los Usuarios son responsables de la adecuada custodia y confidencialidad de cualesquiera identificadores y\/o contrase\u00f1as que le sean suministradas y se comprometen a no ceder su uso a terceros, ya sea temporal o permanente, ni a permitir su acceso a personas ajenas. Ser\u00e1 responsabilidad del Usuario la utilizaci\u00f3n il\u00edcita de los servicios por cualquier tercero ileg\u00edtimo que emplee a tal efecto una contrase\u00f1a a causa de una utilizaci\u00f3n no diligente o de la p\u00e9rdida de la misma por el Usuario. En supuestos de robo, extrav\u00edo o acceso no autorizado a sus contrase\u00f1as, el Usuario ser\u00e1 el responsable de su notificaci\u00f3n inmediata a BILADU con el fin de proceder a su cancelaci\u00f3n. BILADU en ning\u00fan caso ser\u00e1 responsable de las acciones realizadas por terceros no autorizados mientras no se produzca la notificaci\u00f3n mencionada por parte del Usuario.<\/p>\n\n<p>3. Derechos de propiedad intelectual e industrial.<\/p>\n\n<p>BILADU es titular de los derechos de propiedad intelectual e industrial de todos los elementos que integran esta web , incluyendo la marca, nombre comercial o signo distintivo. En particular y a t\u00edtulo no limitativo, est\u00e1n protegidos por los derechos de autor, el dise\u00f1o gr\u00e1fico, c\u00f3digo fuente, logos, textos, gr\u00e1ficos, ilustraciones, fotograf\u00edas, sonidos y dem\u00e1s elementos contenidos en sitio web.<\/p>\n\n<p>En ning\u00fan caso el acceso o navegaci\u00f3n en esta web, implica renuncia, transmisi\u00f3n o licencia total o parcial de BILADU para uso personal al Usuario sobre sus derechos de propiedad intelectual e industrial.<\/p>\n\n<p>Por ello, el Usuario reconoce que la reproducci\u00f3n, copiado, distribuci\u00f3n, comercializaci\u00f3n, transformaci\u00f3n, reutilizaci\u00f3n, comunicaci\u00f3n p\u00fablica y en general, cualquier otra forma de explotaci\u00f3n, por cualquier procedimiento, de todo o parte de los contenidos de esta web, sin autorizaci\u00f3n expresa y por escrito de BILADU, constituye una infracci\u00f3n de sus derechos de propiedad intelectual y\/o industrial.<\/p>\n\n<p>4. R\u00e9gimen de responsabilidades y garant\u00edas.<\/p>\n\n<p>4.1. La informaci\u00f3n publicada puede sufrir variaciones, por ejemplo, en disponibilidades de servicios, modalidades o precios. Por tanto, al Usuario le resultaran aplicables las condiciones legales que est\u00e9n publicadas en esta web en en el momento de realizar la contrataci\u00f3n.<\/p>\n\n<p>4.2. BILADU declara que ha adoptado las medidas tanto t\u00e9cnicas como organizativas, que dentro de sus posibilidades y el estado de la tecnolog\u00eda, permitan el correcto funcionamiento de la web, as\u00ed como la ausencia de virus y componentes da\u00f1inos, sin embargo no puede hacerse responsable de: (a) la continuidad y disponibilidad de los contenidos y servicios recogidos en esta web (b) la ausencia de errores en dichos contenidos ni la correcci\u00f3n de cualquier defecto que pudiera ocurrir; (c) la ausencia de virus y\/o dem\u00e1s componentes da\u00f1inos en esta web; (d) la inexpugnabilidad de las medidas de seguridad que se han adoptado; (e) los da\u00f1os o perjuicios que cause cualquier persona que vulnere los sistemas de seguridad de esta web.<\/p>\n\n<p>4.3. El Usuario ser\u00e1 el \u00fanico responsable ante terceros, de cualquier comunicaci\u00f3n enviada personalmente o a su nombre a esta web, as\u00ed como del uso ileg\u00edtimo de los contenidos y servicios contenidos en esta web.<\/p>\n\n<p>4.4. BILADU se reserva el derecho a suspender temporalmente y sin previo aviso, la accesibilidad a esta web con motivo de operaciones de mantenimiento, reparaci\u00f3n, actualizaci\u00f3n o mejora.<\/p>\n\n<p>4.5. Los enlaces a otras p\u00e1ginas web que en su caso existan en esta web pueden llevarle a sitios web de los que BILADU no asume ninguna responsabilidad, ya que no tiene ning\u00fan tipo de control sobre los mismos, siendo su finalidad, informar al Usuario de otras fuentes de informaci\u00f3n, por lo que el Usuario accede bajo su exclusiva responsabilidad al contenido y en las condiciones de uso que rijan en los mismos. BILADU no puede hacerse responsable del contenido de p\u00e1ginas web de terceros que decidan incluir hiperenlaces con nuestra web.<\/p>\n\n<p>4.6. BILADU no se responsabiliza del uso que los Usuarios puedan hacer de los contenidos y servicios incluidos en su web, ni de que \u00e9stos respeten las presentes condiciones de uso. En todo caso, BILADU se reserva la posibilidad de adoptar las medidas legales que correspondan e iniciar los procedimientos necesarios para la depuraci\u00f3n de responsabilidades, por actuaciones contrarias a la legalidad vigente, la \u00e9tica o el orden p\u00fablico, as\u00ed como a advertir y retirar cualesquiera manifestaciones que resulten racistas, discriminatorias, sexistas difamatorias, injuriosas, ofensivas, obscenas, o que contravengan contra las normas \u00e9ticas m\u00e1s elementales.<\/p>\n\n<p>5. Pol\u00edtica de privacidad.<\/p>\n\n<p>En BILADU estamos firmemente comprometidos con el m\u00e1ximo respecto a la privacidad de nuestros Usuarios. Toda la informaci\u00f3n respecto al tratamiento que recibir\u00e1n sus datos de car\u00e1cter personal la tiene disponible en el siguiente enlace: pol\u00edtica de privacidad<\/p>\n\n<p>6. Pol\u00edtica de Cookies<\/p>\n\n<p>Esta p\u00e1gina web utiliza cookies. Toda la informaci\u00f3n respecto a la utilizaci\u00f3n de esta tecnolog\u00eda la tiene disponible en el siguiente enlace: pol\u00edtica de cookies<\/p>\n\n<p>7. Duraci\u00f3n y modificaci\u00f3n.<\/p>\n\n<p>7.1. BILADU se reserva el derecho a modificar, total o parcialmente, las presentes condiciones generales de acceso publicando los cambios en esta web. Asimismo, podr\u00e1 efectuar sin previo aviso las modificaciones que considere oportunas en el sitio web, pudiendo cambiar, suprimir o a\u00f1adir tanto los contenidos y servicios que presta, como la forma en la que \u00e9stos aparezcan presentados o localizados. En consecuencia, se entender\u00e1n como vigentes, las condiciones generales que est\u00e9n publicadas en el momento en el que el Usuario acceda a esta web por lo que el Usuario deber\u00e1 leer peri\u00f3dicamente dichas condiciones de uso.<\/p>\n\n<p>7.2. Con independencia de lo dispuesto en las condiciones particulares, BILADU podr\u00e1 dar por terminado, suspender o interrumpir, en cualquier momento sin necesidad de preaviso, el acceso a los contenidos de la p\u00e1gina, sin posibilidad por parte del Usuario de exigir indemnizaci\u00f3n alguna.<\/p>\n\n<p>8. Legislaci\u00f3n aplicable y competencia jurisdiccional.<\/p>\n\n<p>Las relaciones establecidas entre BILADU y el Usuario se regir\u00e1n por lo dispuesto en la normativa vigente acerca de la legislaci\u00f3n aplicable y la jurisdicci\u00f3n competente. No obstante, para los casos en los que la normativa prevea la posibilidad a las partes de someterse a un fuero, BILADU y el Usuario, con renuncia expresa a cualquier otro fuero que pudiera corresponderles, se someten a los Juzgados y Tribunales de la ciudad de Bilbao.<\/p>\n<p>\u00a0<\/p>\n<p>\u00a0<\/p>\n<p>\u00a0<\/p>\n<p>\u00a0<\/p>\n\t\t\t\t\t\t\t<\/div>\r\n\t\t\t\t\t\t\t\t\t\t<\/div>\n\t\t\t\t<\/div>\n\t\t\t\t\t<\/div>\n\t\t<\/div>\n\t\t\t\t\t<\/div><\/div>\r\n\t\t<\/section>\r\n\t\t\t\t<section class=\"elementor-section elementor-top-section elementor-element elementor-element-4119b7b elementor-section-boxed elementor-section-height-default elementor-section-height-default\" data-id=\"4119b7b\" data-element_type=\"section\" data-e-type=\"section\">\r\n\t\t\t\t\t\t<div class=\"elementor-container elementor-column-gap-thegem\"><div class=\"elementor-row\">\r\n\t\t\t\t\t<div class=\"elementor-column elementor-col-100 elementor-top-column elementor-element elementor-element-602a1e0\" data-id=\"602a1e0\" data-element_type=\"column\" data-e-type=\"column\" data-settings=\"{&quot;thegem_inline_elements&quot;:&quot;yes&quot;}\">\n\t\t\t<div class=\"elementor-widget-wrap elementor-element-populated\">\n\t\t\t\t\t\t<div class=\"elementor-element elementor-element-53dc7ea flex-horizontal-align-default flex-horizontal-align-tablet-default flex-horizontal-align-mobile-default flex-vertical-align-default flex-vertical-align-tablet-default flex-vertical-align-mobile-default elementor-widget elementor-widget-heading\" data-id=\"53dc7ea\" data-element_type=\"widget\" data-e-type=\"widget\" data-widget_type=\"heading.default\">\n\t\t\t\t<div class=\"elementor-widget-container\">\n\t\t\t\t\t<h2 class=\"elementor-heading-title elementor-size-default\">Protocolos<\/h2>\t\t\t\t<\/div>\n\t\t\t\t<\/div>\n\t\t\t\t\t<\/div>\n\t\t<\/div>\n\t\t\t\t\t<\/div><\/div>\r\n\t\t<\/section>\r\n\t\t\t\t<section class=\"elementor-section elementor-top-section elementor-element elementor-element-0a99639 elementor-section-boxed elementor-section-height-default elementor-section-height-default\" data-id=\"0a99639\" data-element_type=\"section\" data-e-type=\"section\">\r\n\t\t\t\t\t\t<div class=\"elementor-container elementor-column-gap-thegem\"><div class=\"elementor-row\">\r\n\t\t\t\t\t<div class=\"elementor-column elementor-col-100 elementor-top-column elementor-element elementor-element-bbec8c8\" data-id=\"bbec8c8\" data-element_type=\"column\" data-e-type=\"column\" data-settings=\"{&quot;thegem_inline_elements&quot;:&quot;yes&quot;}\">\n\t\t\t<div class=\"elementor-widget-wrap elementor-element-populated\">\n\t\t\t\t\t\t<div class=\"elementor-element elementor-element-6fb3aab elementor-button-info elementor-align-center flex-horizontal-align-default flex-horizontal-align-tablet-default flex-horizontal-align-mobile-default flex-vertical-align-default flex-vertical-align-tablet-default flex-vertical-align-mobile-default elementor-widget elementor-widget-button\" data-id=\"6fb3aab\" data-element_type=\"widget\" data-e-type=\"widget\" data-widget_type=\"button.default\">\n\t\t\t\t<div class=\"elementor-widget-container\">\n\t\t\t\t\t\t\t\t\t<div class=\"elementor-button-wrapper\">\n\t\t\t\t\t<a class=\"elementor-button elementor-button-link elementor-size-sm\" href=\"https:\/\/drive.google.com\/file\/d\/1tqxPvbApvbJRb0W3R2Q0CObqQaudJpcm\/view?usp=drive_link\" target=\"_blank\">\n\t\t\t\t\t\t<span class=\"elementor-button-content-wrapper\">\n\t\t\t\t\t\t\t\t\t<span class=\"elementor-button-text\">Protocolo de acoso<\/span>\n\t\t\t\t\t<\/span>\n\t\t\t\t\t<\/a>\n\t\t\t\t<\/div>\n\t\t\t\t\t\t\t\t<\/div>\n\t\t\t\t<\/div>\n\t\t\t\t\t<\/div>\n\t\t<\/div>\n\t\t\t\t\t<\/div><\/div>\r\n\t\t<\/section>\r\n\t\t\t\t<section class=\"elementor-section elementor-top-section elementor-element elementor-element-49f80c0 elementor-section-boxed elementor-section-height-default elementor-section-height-default\" data-id=\"49f80c0\" data-element_type=\"section\" data-e-type=\"section\">\r\n\t\t\t\t\t\t<div class=\"elementor-container elementor-column-gap-thegem\"><div class=\"elementor-row\">\r\n\t\t\t\t\t<div class=\"elementor-column elementor-col-100 elementor-top-column elementor-element elementor-element-f741d6c\" data-id=\"f741d6c\" data-element_type=\"column\" data-e-type=\"column\" data-settings=\"{&quot;thegem_inline_elements&quot;:&quot;yes&quot;}\">\n\t\t\t<div class=\"elementor-widget-wrap elementor-element-populated\">\n\t\t\t\t\t\t<div class=\"elementor-element elementor-element-ec906d4 elementor-button-info elementor-align-center flex-horizontal-align-default flex-horizontal-align-tablet-default flex-horizontal-align-mobile-default flex-vertical-align-default flex-vertical-align-tablet-default flex-vertical-align-mobile-default elementor-widget elementor-widget-button\" data-id=\"ec906d4\" data-element_type=\"widget\" data-e-type=\"widget\" data-widget_type=\"button.default\">\n\t\t\t\t<div class=\"elementor-widget-container\">\n\t\t\t\t\t\t\t\t\t<div class=\"elementor-button-wrapper\">\n\t\t\t\t\t<a class=\"elementor-button elementor-button-link elementor-size-sm\" href=\"https:\/\/drive.google.com\/file\/d\/117iE9RXt2wByNefU3oPlmvprG6Uuc_XX\/view?usp=drive_link\" target=\"_blank\">\n\t\t\t\t\t\t<span class=\"elementor-button-content-wrapper\">\n\t\t\t\t\t\t\t\t\t<span class=\"elementor-button-text\">Canal de denuncia<\/span>\n\t\t\t\t\t<\/span>\n\t\t\t\t\t<\/a>\n\t\t\t\t<\/div>\n\t\t\t\t\t\t\t\t<\/div>\n\t\t\t\t<\/div>\n\t\t\t\t\t<\/div>\n\t\t<\/div>\n\t\t\t\t\t<\/div><\/div>\r\n\t\t<\/section>\r\n\t\t\t\t<section class=\"elementor-section elementor-top-section elementor-element elementor-element-d42fd97 elementor-section-boxed elementor-section-height-default elementor-section-height-default\" data-id=\"d42fd97\" data-element_type=\"section\" data-e-type=\"section\">\r\n\t\t\t\t\t\t<div class=\"elementor-container elementor-column-gap-thegem\"><div class=\"elementor-row\">\r\n\t\t\t\t\t<div class=\"elementor-column elementor-col-100 elementor-top-column elementor-element elementor-element-14be38b\" data-id=\"14be38b\" data-element_type=\"column\" data-e-type=\"column\" data-settings=\"{&quot;thegem_inline_elements&quot;:&quot;yes&quot;}\">\n\t\t\t<div class=\"elementor-widget-wrap elementor-element-populated\">\n\t\t\t\t\t\t<div class=\"elementor-element elementor-element-d39dde0 elementor-button-info elementor-align-center flex-horizontal-align-default flex-horizontal-align-tablet-default flex-horizontal-align-mobile-default flex-vertical-align-default flex-vertical-align-tablet-default flex-vertical-align-mobile-default elementor-widget elementor-widget-button\" data-id=\"d39dde0\" data-element_type=\"widget\" data-e-type=\"widget\" data-widget_type=\"button.default\">\n\t\t\t\t<div class=\"elementor-widget-container\">\n\t\t\t\t\t\t\t\t\t<div class=\"elementor-button-wrapper\">\n\t\t\t\t\t<a class=\"elementor-button elementor-button-link elementor-size-sm\" href=\"https:\/\/drive.google.com\/file\/d\/1tMMybW_zTW2fbFnXE8t-5Ck2wLHMlihJ\/view?usp=drive_link\" target=\"_blank\">\n\t\t\t\t\t\t<span class=\"elementor-button-content-wrapper\">\n\t\t\t\t\t\t\t\t\t<span class=\"elementor-button-text\">Plan desconexi\u00f3n digital<\/span>\n\t\t\t\t\t<\/span>\n\t\t\t\t\t<\/a>\n\t\t\t\t<\/div>\n\t\t\t\t\t\t\t\t<\/div>\n\t\t\t\t<\/div>\n\t\t\t\t\t<\/div>\n\t\t<\/div>\n\t\t\t\t\t<\/div><\/div>\r\n\t\t<\/section>\r\n\t\t\t\t<\/div>","protected":false},"excerpt":{"rendered":"<p>\u00a0 La informaci\u00f3n contenida en esta web es comprobada y actualizada&#8230;<\/p>","protected":false},"author":1,"featured_media":0,"parent":0,"menu_order":0,"comment_status":"closed","ping_status":"open","template":"","meta":{"footnotes":""},"class_list":["post-4230","page","type-page","status-publish"],"_links":{"self":[{"href":"https:\/\/biladu.es\/en\/wp-json\/wp\/v2\/pages\/4230","targetHints":{"allow":["GET"]}}],"collection":[{"href":"https:\/\/biladu.es\/en\/wp-json\/wp\/v2\/pages"}],"about":[{"href":"https:\/\/biladu.es\/en\/wp-json\/wp\/v2\/types\/page"}],"author":[{"embeddable":true,"href":"https:\/\/biladu.es\/en\/wp-json\/wp\/v2\/users\/1"}],"replies":[{"embeddable":true,"href":"https:\/\/biladu.es\/en\/wp-json\/wp\/v2\/comments?post=4230"}],"version-history":[{"count":50,"href":"https:\/\/biladu.es\/en\/wp-json\/wp\/v2\/pages\/4230\/revisions"}],"predecessor-version":[{"id":5061,"href":"https:\/\/biladu.es\/en\/wp-json\/wp\/v2\/pages\/4230\/revisions\/5061"}],"wp:attachment":[{"href":"https:\/\/biladu.es\/en\/wp-json\/wp\/v2\/media?parent=4230"}],"curies":[{"name":"wp","href":"https:\/\/api.w.org\/{rel}","templated":true}]}}